{"id":180801,"date":"2026-04-07T15:33:13","date_gmt":"2026-04-07T14:33:13","guid":{"rendered":"https:\/\/www.empacklogisticsautomationporto.com\/?page_id=180801"},"modified":"2026-04-07T15:33:13","modified_gmt":"2026-04-07T14:33:13","slug":"visitas-de-estudiantes","status":"publish","type":"page","link":"https:\/\/www.empacklogisticsautomationporto.com\/es\/visitar\/visitas-de-estudiantes\/","title":{"rendered":"Visitas de estudiantes"},"content":{"rendered":"\t\t<div data-elementor-type=\"wp-page\" data-elementor-id=\"180801\" class=\"elementor elementor-180801 elementor-180799\" data-elementor-post-type=\"page\">\n\t\t\t\t\t\t<section class=\"elementor-section elementor-top-section elementor-element elementor-element-6e2e4e7c elementor-section-full_width elementor-section-height-default elementor-section-height-default\" data-id=\"6e2e4e7c\" data-element_type=\"section\" data-settings=\"{&quot;background_background&quot;:&quot;classic&quot;}\">\n\t\t\t\t\t\t<div class=\"elementor-container elementor-column-gap-no\">\n\t\t\t\t\t<div class=\"elementor-column elementor-col-50 elementor-top-column elementor-element elementor-element-720ccfb4\" data-id=\"720ccfb4\" data-element_type=\"column\" data-settings=\"{&quot;background_background&quot;:&quot;classic&quot;}\">\n\t\t\t<div class=\"elementor-widget-wrap elementor-element-populated\">\n\t\t\t\t\t\t<div class=\"elementor-element elementor-element-6e3aa164 elementor-hidden-desktop elementor-hidden-tablet elementor-widget elementor-widget-image\" data-id=\"6e3aa164\" data-element_type=\"widget\" data-widget_type=\"image.default\">\n\t\t\t\t<div class=\"elementor-widget-container\">\n\t\t\t\t\t\t\t\t\t\t\t\t\t\t\t<img fetchpriority=\"high\" decoding=\"async\" width=\"1920\" height=\"1280\" src=\"https:\/\/easyfairsassets.com\/sites\/68\/2025\/12\/DSC06222.jpg\" class=\"attachment-full size-full wp-image-175548\" alt=\"REGISTRO PORTO 2025\" srcset=\"https:\/\/easyfairsassets.com\/sites\/68\/2025\/12\/DSC06222.jpg 1920w, https:\/\/easyfairsassets.com\/sites\/68\/2025\/12\/DSC06222-300x200.jpg 300w, https:\/\/easyfairsassets.com\/sites\/68\/2025\/12\/DSC06222-1024x683.jpg 1024w, https:\/\/easyfairsassets.com\/sites\/68\/2025\/12\/DSC06222-768x512.jpg 768w, https:\/\/easyfairsassets.com\/sites\/68\/2025\/12\/DSC06222-1536x1024.jpg 1536w\" sizes=\"(max-width: 1920px) 100vw, 1920px\" \/>\t\t\t\t\t\t\t\t\t\t\t\t\t\t\t<\/div>\n\t\t\t\t<\/div>\n\t\t\t\t\t<\/div>\n\t\t<\/div>\n\t\t\t\t<div class=\"elementor-column elementor-col-50 elementor-top-column elementor-element elementor-element-c8c6011\" data-id=\"c8c6011\" data-element_type=\"column\" data-settings=\"{&quot;background_background&quot;:&quot;classic&quot;}\">\n\t\t\t<div class=\"elementor-widget-wrap elementor-element-populated\">\n\t\t\t\t\t\t<div class=\"elementor-element elementor-element-5f042ecb elementor-invisible elementor-widget elementor-widget-heading\" data-id=\"5f042ecb\" data-element_type=\"widget\" data-settings=\"{&quot;_animation&quot;:&quot;fadeInRight&quot;}\" data-widget_type=\"heading.default\">\n\t\t\t\t<div class=\"elementor-widget-container\">\n\t\t\t\t\t<h2 class=\"elementor-heading-title elementor-size-default\">Organiza la visita de tu centro a Empack. Reserva tu visita<\/h2>\t\t\t\t<\/div>\n\t\t\t\t<\/div>\n\t\t\t\t<div class=\"elementor-element elementor-element-3662d22b elementor-widget elementor-widget-text-editor\" data-id=\"3662d22b\" data-element_type=\"widget\" data-widget_type=\"text-editor.default\">\n\t\t\t\t<div class=\"elementor-widget-container\">\n\t\t\t\t\t\t\t\t\t<p>Los profesionales del ma\u00f1ana son los estudiantes de hoy. Por eso, desde Empack y L&amp;A promovemos visitas organizadas en grupo para centros educativos, con el objetivo de acercarles al entorno real del sector y permitirles explorar, aprender y aprovechar al m\u00e1ximo la experiencia. \u26a0\ufe0f <strong>Importante:<\/strong> Dado que se trata de un evento profesional, la \u00fanica forma de asistir como estudiante ser\u00e1 a trav\u00e9s de una visita en grupo autorizada por la organizaci\u00f3n.<\/p>\n<p>Las visitas en grupo de estudiantes llevadas a cabo de cualquier otra forma no estar\u00e1n permitidas.<\/p>\n\t\t\t\t\t\t\t\t<\/div>\n\t\t\t\t<\/div>\n\t\t\t\t<div class=\"elementor-element elementor-element-3cb5163 elementor-align-left elementor-mobile-align-center elementor-widget elementor-widget-button\" data-id=\"3cb5163\" data-element_type=\"widget\" data-widget_type=\"button.default\">\n\t\t\t\t<div class=\"elementor-widget-container\">\n\t\t\t\t\t\t\t\t\t<div class=\"elementor-button-wrapper\">\n\t\t\t\t\t<a class=\"elementor-button elementor-button-link elementor-size-xs\" href=\"mailto:porto@easyfairs.com\" target=\"_blank\">\n\t\t\t\t\t\t<span class=\"elementor-button-content-wrapper\">\n\t\t\t\t\t\t<span class=\"elementor-button-icon\">\n\t\t\t\t\t\t\t<\/span>\n\t\t\t\t\t\t\t\t\t<span class=\"elementor-button-text\">Reserva tu visita<\/span>\n\t\t\t\t\t<\/span>\n\t\t\t\t\t<\/a>\n\t\t\t\t<\/div>\n\t\t\t\t\t\t\t\t<\/div>\n\t\t\t\t<\/div>\n\t\t\t\t\t<\/div>\n\t\t<\/div>\n\t\t\t\t\t<\/div>\n\t\t<\/section>\n\t\t\t\t<section class=\"elementor-section elementor-top-section elementor-element elementor-element-e446547 elementor-section-full_width elementor-section-height-default elementor-section-height-default\" data-id=\"e446547\" data-element_type=\"section\" data-settings=\"{&quot;background_background&quot;:&quot;classic&quot;}\">\n\t\t\t\t\t\t\t<div class=\"elementor-background-overlay\"><\/div>\n\t\t\t\t\t\t\t<div class=\"elementor-container elementor-column-gap-default\">\n\t\t\t\t\t<div class=\"elementor-column elementor-col-100 elementor-top-column elementor-element elementor-element-463c3c8f\" data-id=\"463c3c8f\" data-element_type=\"column\">\n\t\t\t<div class=\"elementor-widget-wrap elementor-element-populated\">\n\t\t\t\t\t\t<div class=\"elementor-element elementor-element-14e04786 elementor-invisible elementor-widget elementor-widget-heading\" data-id=\"14e04786\" data-element_type=\"widget\" data-settings=\"{&quot;_animation&quot;:&quot;fadeInRight&quot;}\" data-widget_type=\"heading.default\">\n\t\t\t\t<div class=\"elementor-widget-container\">\n\t\t\t\t\t<h2 class=\"elementor-heading-title elementor-size-default\">\u00bfC\u00f3mo solicitar una visita en grupo?<\/h2>\t\t\t\t<\/div>\n\t\t\t\t<\/div>\n\t\t\t\t<div class=\"elementor-element elementor-element-73798d1a elementor-invisible elementor-widget elementor-widget-text-editor\" data-id=\"73798d1a\" data-element_type=\"widget\" data-settings=\"{&quot;_animation&quot;:&quot;fadeInRight&quot;}\" data-widget_type=\"text-editor.default\">\n\t\t\t\t<div class=\"elementor-widget-container\">\n\t\t\t\t\t\t\t\t\t<p>La solicitud deber\u00e1 realizarla el\/la profesor\/a responsable del grupo mediante mediante el formulario correspondiente facilitado a trav\u00e9s de porto@easyfairs.com Una vez recibida y validada la solicitud, nos pondremos en contacto con el centro para facilitar toda la informaci\u00f3n necesaria.<\/p>\n<p>Admisi\u00f3n de solicitudes:<\/p>\n<p>Del 15 de marzo de 2026 al 15 de abril 2026 No se admitir\u00e1n solicitudes fuera de plazo<\/p>\n\t\t\t\t\t\t\t\t<\/div>\n\t\t\t\t<\/div>\n\t\t\t\t<div class=\"elementor-element elementor-element-1052fd00 elementor-invisible elementor-widget elementor-widget-heading\" data-id=\"1052fd00\" data-element_type=\"widget\" data-settings=\"{&quot;_animation&quot;:&quot;fadeInRight&quot;}\" data-widget_type=\"heading.default\">\n\t\t\t\t<div class=\"elementor-widget-container\">\n\t\t\t\t\t<h2 class=\"elementor-heading-title elementor-size-default\">Disponibilidad de Fechas y turnos para acudir<\/h2>\t\t\t\t<\/div>\n\t\t\t\t<\/div>\n\t\t\t\t<section class=\"elementor-section elementor-inner-section elementor-element elementor-element-7f7e3c9a elementor-section-boxed elementor-section-height-default elementor-section-height-default\" data-id=\"7f7e3c9a\" data-element_type=\"section\">\n\t\t\t\t\t\t<div class=\"elementor-container elementor-column-gap-default\">\n\t\t\t\t\t<div class=\"elementor-column elementor-col-100 elementor-inner-column elementor-element elementor-element-12f1bac7\" data-id=\"12f1bac7\" data-element_type=\"column\" data-settings=\"{&quot;background_background&quot;:&quot;classic&quot;}\">\n\t\t\t<div class=\"elementor-widget-wrap elementor-element-populated\">\n\t\t\t\t\t\t<div class=\"elementor-element elementor-element-11dfe1f5 elementor-widget elementor-widget-image\" data-id=\"11dfe1f5\" data-element_type=\"widget\" data-widget_type=\"image.default\">\n\t\t\t\t<div class=\"elementor-widget-container\">\n\t\t\t\t\t\t\t\t\t\t\t\t\t\t\t<img decoding=\"async\" width=\"800\" height=\"418\" src=\"https:\/\/easyfairsassets.com\/sites\/68\/2026\/02\/Modo-experto-ON-Plantilla-Jose-Luis-Morato-1024x535.png\" class=\"attachment-large size-large wp-image-180830\" alt=\"visita estudiantes\" srcset=\"https:\/\/easyfairsassets.com\/sites\/68\/2026\/02\/Modo-experto-ON-Plantilla-Jose-Luis-Morato-1024x535.png 1024w, https:\/\/easyfairsassets.com\/sites\/68\/2026\/02\/Modo-experto-ON-Plantilla-Jose-Luis-Morato-300x157.png 300w, https:\/\/easyfairsassets.com\/sites\/68\/2026\/02\/Modo-experto-ON-Plantilla-Jose-Luis-Morato-768x401.png 768w, https:\/\/easyfairsassets.com\/sites\/68\/2026\/02\/Modo-experto-ON-Plantilla-Jose-Luis-Morato.png 1200w\" sizes=\"(max-width: 800px) 100vw, 800px\" \/>\t\t\t\t\t\t\t\t\t\t\t\t\t\t\t<\/div>\n\t\t\t\t<\/div>\n\t\t\t\t<div class=\"elementor-element elementor-element-2f2d4562 elementor-widget elementor-widget-text-editor\" data-id=\"2f2d4562\" data-element_type=\"widget\" data-widget_type=\"text-editor.default\">\n\t\t\t\t<div class=\"elementor-widget-container\">\n\t\t\t\t\t\t\t\t\t<p>Las visitas de estudiantes deben ser en grupos de m\u00e1ximo<strong> 15 personas<\/strong>, acompa\u00f1adas por un tutor.<\/p>\n\t\t\t\t\t\t\t\t<\/div>\n\t\t\t\t<\/div>\n\t\t\t\t<div class=\"elementor-element elementor-element-7b47ecc0 elementor-icon-list--layout-traditional elementor-list-item-link-full_width elementor-widget elementor-widget-icon-list\" data-id=\"7b47ecc0\" data-element_type=\"widget\" data-widget_type=\"icon-list.default\">\n\t\t\t\t<div class=\"elementor-widget-container\">\n\t\t\t\t\t\t\t<ul class=\"elementor-icon-list-items\">\n\t\t\t\t\t\t\t<li class=\"elementor-icon-list-item\">\n\t\t\t\t\t\t\t\t\t\t\t<span class=\"elementor-icon-list-icon\">\n\t\t\t\t\t\t\t<i aria-hidden=\"true\" class=\"far fa-check-circle\"><\/i>\t\t\t\t\t\t<\/span>\n\t\t\t\t\t\t\t\t\t\t<span class=\"elementor-icon-list-text\">La duraci\u00f3n de la visita es de 1 hora.<\/span>\n\t\t\t\t\t\t\t\t\t<\/li>\n\t\t\t\t\t\t\t\t<li class=\"elementor-icon-list-item\">\n\t\t\t\t\t\t\t\t\t\t\t<span class=\"elementor-icon-list-icon\">\n\t\t\t\t\t\t\t<i aria-hidden=\"true\" class=\"far fa-check-circle\"><\/i>\t\t\t\t\t\t<\/span>\n\t\t\t\t\t\t\t\t\t\t<span class=\"elementor-icon-list-text\">La visita se realizar\u00e1 bajo la supervisi\u00f3n de profesores, los cuales ser\u00e1n responsables de todos los integrantes del grupo al que acompa\u00f1a y de que las normas establecidas por Empack y L&amp;A se cumplan.<\/span>\n\t\t\t\t\t\t\t\t\t<\/li>\n\t\t\t\t\t\t\t\t<li class=\"elementor-icon-list-item\">\n\t\t\t\t\t\t\t\t\t\t\t<span class=\"elementor-icon-list-icon\">\n\t\t\t\t\t\t\t<i aria-hidden=\"true\" class=\"far fa-check-circle\"><\/i>\t\t\t\t\t\t<\/span>\n\t\t\t\t\t\t\t\t\t\t<span class=\"elementor-icon-list-text\">La visita debe realizarse de forma colectiva y los estudiantes deber\u00e1n permanecer acompa\u00f1ados durante toda la misma por sus profesores.<\/span>\n\t\t\t\t\t\t\t\t\t<\/li>\n\t\t\t\t\t\t\t\t<li class=\"elementor-icon-list-item\">\n\t\t\t\t\t\t\t\t\t\t\t<span class=\"elementor-icon-list-icon\">\n\t\t\t\t\t\t\t<i aria-hidden=\"true\" class=\"far fa-check-circle\"><\/i>\t\t\t\t\t\t<\/span>\n\t\t\t\t\t\t\t\t\t\t<span class=\"elementor-icon-list-text\">El pase de acceso de los estudiantes ser\u00e1 v\u00e1lido \u00fanicamente para el d\u00eda y el turno autorizados.<\/span>\n\t\t\t\t\t\t\t\t\t<\/li>\n\t\t\t\t\t\t\t\t<li class=\"elementor-icon-list-item\">\n\t\t\t\t\t\t\t\t\t\t\t<span class=\"elementor-icon-list-icon\">\n\t\t\t\t\t\t\t<i aria-hidden=\"true\" class=\"far fa-check-circle\"><\/i>\t\t\t\t\t\t<\/span>\n\t\t\t\t\t\t\t\t\t\t<span class=\"elementor-icon-list-text\">Todo el sal\u00f3n est\u00e1 organizado por profesionales en sus \u00e1reas, respeta su trabajo durante la visita y disfruta.<\/span>\n\t\t\t\t\t\t\t\t\t<\/li>\n\t\t\t\t\t\t<\/ul>\n\t\t\t\t\t\t<\/div>\n\t\t\t\t<\/div>\n\t\t\t\t\t<\/div>\n\t\t<\/div>\n\t\t\t\t\t<\/div>\n\t\t<\/section>\n\t\t\t\t\t<\/div>\n\t\t<\/div>\n\t\t\t\t\t<\/div>\n\t\t<\/section>\n\t\t\t\t<section class=\"elementor-section elementor-top-section elementor-element elementor-element-4c5f62ae elementor-section-full_width elementor-hidden-desktop elementor-hidden-tablet elementor-hidden-mobile elementor-section-height-default elementor-section-height-default\" data-id=\"4c5f62ae\" data-element_type=\"section\" data-settings=\"{&quot;background_background&quot;:&quot;classic&quot;}\">\n\t\t\t\t\t\t\t<div class=\"elementor-background-overlay\"><\/div>\n\t\t\t\t\t\t\t<div class=\"elementor-container elementor-column-gap-default\">\n\t\t\t\t\t<div class=\"elementor-column elementor-col-50 elementor-top-column elementor-element elementor-element-5e403cd\" data-id=\"5e403cd\" data-element_type=\"column\">\n\t\t\t<div class=\"elementor-widget-wrap\">\n\t\t\t\t\t\t\t<\/div>\n\t\t<\/div>\n\t\t\t\t<div class=\"elementor-column elementor-col-50 elementor-top-column elementor-element elementor-element-109ca368\" data-id=\"109ca368\" data-element_type=\"column\">\n\t\t\t<div class=\"elementor-widget-wrap elementor-element-populated\">\n\t\t\t\t\t\t<div class=\"elementor-element elementor-element-b4cddc7 elementor-invisible elementor-widget elementor-widget-heading\" data-id=\"b4cddc7\" data-element_type=\"widget\" data-settings=\"{&quot;_animation&quot;:&quot;fadeInRight&quot;}\" data-widget_type=\"heading.default\">\n\t\t\t\t<div class=\"elementor-widget-container\">\n\t\t\t\t\t<h1 class=\"elementor-heading-title elementor-size-default\">Empack y Logistics &amp; Automation Porto\u200b<\/h1>\t\t\t\t<\/div>\n\t\t\t\t<\/div>\n\t\t\t\t<div class=\"elementor-element elementor-element-689adcc1 elementor-widget elementor-widget-text-editor\" data-id=\"689adcc1\" data-element_type=\"widget\" data-widget_type=\"text-editor.default\">\n\t\t\t\t<div class=\"elementor-widget-container\">\n\t\t\t\t\t\t\t\t\t<p>Suscr\u00edbete a nuestra newsletter para no perderte ninguna novedad sobre la pr\u00f3xima edici\u00f3n de la feria: desde la apertura del registro, hasta los ponentes confirmados en las conferencias y mucho m\u00e1s.<\/p>\n<p><br data-start=\"268\" data-end=\"271\" \/>Guarda la fecha: 22 y 23 de abril en Exponor.<\/p>\n\t\t\t\t\t\t\t\t<\/div>\n\t\t\t\t<\/div>\n\t\t\t\t<div class=\"elementor-element elementor-element-1e98e45 elementor-align-center elementor-tablet-align-left elementor-mobile-align-center elementor-widget elementor-widget-dynamic-button\" data-id=\"1e98e45\" data-element_type=\"widget\" data-widget_type=\"dynamic-button.default\">\n\t\t\t\t<div class=\"elementor-widget-container\">\n\t\t\t\t\t        <div class=\"elementor-button-wrapper\">\n            <a href=\"https:\/\/www.empacklogisticsautomationporto.com\/pt-pt\/meios-de-comunicacao\/subscrever\/\" target=\"_blank\" class=\"elementor-button-link elementor-button elementor-size-xs\" role=\"button\">\n                        <span class=\"elementor-button-content-wrapper\">\n\t\t\t\t\t\t<span class=\"elementor-button-text\">Suscr\u00edbete a nuestra newsletter<\/span>\n\t\t<\/span>\n                    <\/a>\n        <\/div>\n        \t\t\t\t<\/div>\n\t\t\t\t<\/div>\n\t\t\t\t\t<\/div>\n\t\t<\/div>\n\t\t\t\t\t<\/div>\n\t\t<\/section>\n\t\t\t\t<section class=\"elementor-section elementor-top-section elementor-element elementor-element-a653caa elementor-section-boxed elementor-section-height-default elementor-section-height-default\" data-id=\"a653caa\" data-element_type=\"section\" data-settings=\"{&quot;background_background&quot;:&quot;classic&quot;}\">\n\t\t\t\t\t\t<div class=\"elementor-container elementor-column-gap-no\">\n\t\t\t\t\t<div class=\"elementor-column elementor-col-100 elementor-top-column elementor-element elementor-element-d68eb7e\" data-id=\"d68eb7e\" data-element_type=\"column\">\n\t\t\t<div class=\"elementor-widget-wrap elementor-element-populated\">\n\t\t\t\t\t\t<div class=\"elementor-element elementor-element-f142070 elementor-invisible elementor-widget elementor-widget-heading\" data-id=\"f142070\" data-element_type=\"widget\" data-settings=\"{&quot;_animation&quot;:&quot;fadeInUp&quot;}\" data-widget_type=\"heading.default\">\n\t\t\t\t<div class=\"elementor-widget-container\">\n\t\t\t\t\t<h2 class=\"elementor-heading-title elementor-size-default\">C\u00f3digo de vestimenta y admisi\u00f3n<\/h2>\t\t\t\t<\/div>\n\t\t\t\t<\/div>\n\t\t\t\t<div class=\"elementor-element elementor-element-311a7a2 elementor-widget elementor-widget-text-editor\" data-id=\"311a7a2\" data-element_type=\"widget\" data-widget_type=\"text-editor.default\">\n\t\t\t\t<div class=\"elementor-widget-container\">\n\t\t\t\t\t\t\t\t\t<p>Al tratarse de un entorno profesional, el c\u00f3digo de vestimenta deber\u00e1 ser adecuado a la ocasi\u00f3n. La organizaci\u00f3n se reserva el <strong>derecho de admisi\u00f3n<\/strong> en caso de que no se cumplan las normas establecidas. Estas visitas est\u00e1n pensadas para que el alumnado conozca de primera mano el sector, descubra tendencias, interact\u00fae con empresas y se prepare para su futuro profesional en un entorno real y especializado. Por ello, agradecemos una actitud respetuosa y acorde al car\u00e1cter profesional del evento. Para cualquier duda o cuesti\u00f3n relacionada con este tema, puedes escribir directamente a porto@easyfairs.com<\/p>\n\t\t\t\t\t\t\t\t<\/div>\n\t\t\t\t<\/div>\n\t\t\t\t<div class=\"elementor-element elementor-element-bfc1caf elementor-align-left elementor-mobile-align-center elementor-widget elementor-widget-button\" data-id=\"bfc1caf\" data-element_type=\"widget\" data-widget_type=\"button.default\">\n\t\t\t\t<div class=\"elementor-widget-container\">\n\t\t\t\t\t\t\t\t\t<div class=\"elementor-button-wrapper\">\n\t\t\t\t\t<a class=\"elementor-button elementor-button-link elementor-size-xs\" href=\"mailto:porto@easyfairs.com\" target=\"_blank\">\n\t\t\t\t\t\t<span class=\"elementor-button-content-wrapper\">\n\t\t\t\t\t\t<span class=\"elementor-button-icon\">\n\t\t\t\t\t\t\t<\/span>\n\t\t\t\t\t\t\t\t\t<span class=\"elementor-button-text\">Reserva tu visita<\/span>\n\t\t\t\t\t<\/span>\n\t\t\t\t\t<\/a>\n\t\t\t\t<\/div>\n\t\t\t\t\t\t\t\t<\/div>\n\t\t\t\t<\/div>\n\t\t\t\t\t<\/div>\n\t\t<\/div>\n\t\t\t\t\t<\/div>\n\t\t<\/section>\n\t\t\t\t<\/div>\n\t\t","protected":false},"excerpt":{"rendered":"<p>Organiza la visita de tu centro a Empack. Reserva tu visita Los profesionales del ma\u00f1ana son los estudiantes de hoy. Por eso, desde Empack y L&amp;A promovemos visitas organizadas en grupo para centros educativos, con el objetivo de acercarles al entorno real del sector y permitirles explorar, aprender y aprovechar al m\u00e1ximo la experiencia. \u26a0\ufe0f [&hellip;]<\/p>\n","protected":false},"author":135,"featured_media":0,"parent":3288,"menu_order":0,"comment_status":"closed","ping_status":"closed","template":"","meta":{"_seopress_robots_primary_cat":"","_seopress_titles_title":"Visitas estudiantes | Empack and Logistics & Automation Porto","_seopress_titles_desc":"Si desea formar parte del futuro de las soluciones de embalaje y acondicionamiento, siga los pasos y vis\u00edtenos.","_seopress_robots_index":"","footnotes":""},"class_list":["post-180801","page","type-page","status-publish","hentry"],"_links":{"self":[{"href":"https:\/\/www.empacklogisticsautomationporto.com\/es\/wp-json\/wp\/v2\/pages\/180801","targetHints":{"allow":["GET"]}}],"collection":[{"href":"https:\/\/www.empacklogisticsautomationporto.com\/es\/wp-json\/wp\/v2\/pages"}],"about":[{"href":"https:\/\/www.empacklogisticsautomationporto.com\/es\/wp-json\/wp\/v2\/types\/page"}],"author":[{"embeddable":true,"href":"https:\/\/www.empacklogisticsautomationporto.com\/es\/wp-json\/wp\/v2\/users\/135"}],"replies":[{"embeddable":true,"href":"https:\/\/www.empacklogisticsautomationporto.com\/es\/wp-json\/wp\/v2\/comments?post=180801"}],"version-history":[{"count":5,"href":"https:\/\/www.empacklogisticsautomationporto.com\/es\/wp-json\/wp\/v2\/pages\/180801\/revisions"}],"predecessor-version":[{"id":181033,"href":"https:\/\/www.empacklogisticsautomationporto.com\/es\/wp-json\/wp\/v2\/pages\/180801\/revisions\/181033"}],"up":[{"embeddable":true,"href":"https:\/\/www.empacklogisticsautomationporto.com\/es\/wp-json\/wp\/v2\/pages\/3288"}],"wp:attachment":[{"href":"https:\/\/www.empacklogisticsautomationporto.com\/es\/wp-json\/wp\/v2\/media?parent=180801"}],"curies":[{"name":"wp","href":"https:\/\/api.w.org\/{rel}","templated":true}]}}