{"id":3231,"date":"2025-01-30T11:46:33","date_gmt":"2025-01-30T11:46:33","guid":{"rendered":"https:\/\/www.empacklogisticsautomationporto.com\/sobre-empack-logistics\/"},"modified":"2026-04-09T09:31:44","modified_gmt":"2026-04-09T08:31:44","slug":"nosotros","status":"publish","type":"page","link":"https:\/\/www.empacklogisticsautomationporto.com\/es\/nosotros\/","title":{"rendered":"Nosotros"},"content":{"rendered":"\t\t<div data-elementor-type=\"wp-post\" data-elementor-id=\"3231\" class=\"elementor elementor-3231 elementor-1713\" data-elementor-post-type=\"page\">\n\t\t\t\t\t\t<section class=\"elementor-section elementor-top-section elementor-element elementor-element-1d335111 elementor-section-full_width elementor-section-height-default elementor-section-height-default\" data-id=\"1d335111\" data-element_type=\"section\" data-settings=\"{&quot;background_background&quot;:&quot;classic&quot;}\">\n\t\t\t\t\t\t<div class=\"elementor-container elementor-column-gap-default\">\n\t\t\t\t\t<div class=\"elementor-column elementor-col-50 elementor-top-column elementor-element elementor-element-e067125\" data-id=\"e067125\" data-element_type=\"column\" data-settings=\"{&quot;background_background&quot;:&quot;classic&quot;}\">\n\t\t\t<div class=\"elementor-widget-wrap elementor-element-populated\">\n\t\t\t\t\t\t<div class=\"elementor-element elementor-element-1bfbabf9 elementor-hidden-desktop elementor-hidden-tablet elementor-widget elementor-widget-image\" data-id=\"1bfbabf9\" data-element_type=\"widget\" data-widget_type=\"image.default\">\n\t\t\t\t<div class=\"elementor-widget-container\">\n\t\t\t\t\t\t\t\t\t\t\t\t\t\t\t<img fetchpriority=\"high\" decoding=\"async\" width=\"700\" height=\"700\" src=\"https:\/\/easyfairsassets.com\/sites\/68\/2023\/12\/EmMadrid2021New_Images__0003_EMPACK-Consumer-Packaging_01.jpg\" class=\"attachment-full size-full wp-image-92223\" alt=\"empack\" srcset=\"https:\/\/easyfairsassets.com\/sites\/68\/2023\/12\/EmMadrid2021New_Images__0003_EMPACK-Consumer-Packaging_01.jpg 700w, https:\/\/easyfairsassets.com\/sites\/68\/2023\/12\/EmMadrid2021New_Images__0003_EMPACK-Consumer-Packaging_01-300x300.jpg 300w, https:\/\/easyfairsassets.com\/sites\/68\/2023\/12\/EmMadrid2021New_Images__0003_EMPACK-Consumer-Packaging_01-150x150.jpg 150w\" sizes=\"(max-width: 700px) 100vw, 700px\" \/>\t\t\t\t\t\t\t\t\t\t\t\t\t\t\t<\/div>\n\t\t\t\t<\/div>\n\t\t\t\t\t<\/div>\n\t\t<\/div>\n\t\t\t\t<div class=\"elementor-column elementor-col-50 elementor-top-column elementor-element elementor-element-a0cfbe7\" data-id=\"a0cfbe7\" data-element_type=\"column\">\n\t\t\t<div class=\"elementor-widget-wrap elementor-element-populated\">\n\t\t\t\t\t\t<div class=\"elementor-element elementor-element-6b6d2b16 elementor-widget elementor-widget-heading\" data-id=\"6b6d2b16\" data-element_type=\"widget\" data-widget_type=\"heading.default\">\n\t\t\t\t<div class=\"elementor-widget-container\">\n\t\t\t\t\t<h1 class=\"elementor-heading-title elementor-size-default\">Un evento l\u00edder para descubrir el futuro del envasado, la log\u00edstica y el transporte<\/h1>\t\t\t\t<\/div>\n\t\t\t\t<\/div>\n\t\t\t\t<div class=\"elementor-element elementor-element-3fb6a3ab elementor-widget-tablet__width-initial elementor-widget elementor-widget-text-editor\" data-id=\"3fb6a3ab\" data-element_type=\"widget\" data-widget_type=\"text-editor.default\">\n\t\t\t\t<div class=\"elementor-widget-container\">\n\t\t\t\t\t\t\t\t\t<p><strong>Empack y Logistics &amp; Automation Porto<\/strong> ofrece a los visitantes que son profesionales de la industria del embalaje, almacenamiento, manipulaci\u00f3n y log\u00edstica la oportunidad de conocer a los principales proveedores \/ expositores y ponerse en contacto con ellos.<\/p>\n<p>El evento que no querr\u00e1 perderse los d\u00edas 22 &amp; 23 de abril de 2026 para hacer negocios y establecer contactos.<\/p>\n\t\t\t\t\t\t\t\t<\/div>\n\t\t\t\t<\/div>\n\t\t\t\t<div class=\"elementor-element elementor-element-48a5940 elementor-align-center elementor-tablet-align-left elementor-mobile-align-center elementor-widget elementor-widget-global elementor-global-65156 elementor-global-65147 elementor-widget-dynamic-button\" data-id=\"48a5940\" data-element_type=\"widget\" data-widget_type=\"dynamic-button.default\">\n\t\t\t\t<div class=\"elementor-widget-container\">\n\t\t\t\t\t        <div class=\"elementor-button-wrapper\">\n            <a href=\"https:\/\/register.visitcloud.com\/survey\/05n7it5yl2w8l\/start?translation=3mcwlrbiiaaac\" target=\"_blank\" class=\"elementor-button-link elementor-button elementor-size-xs\" role=\"button\">\n                        <span class=\"elementor-button-content-wrapper\">\n\t\t\t\t\t\t<span class=\"elementor-button-text\">Registro gratuito<\/span>\n\t\t<\/span>\n                    <\/a>\n        <\/div>\n        \t\t\t\t<\/div>\n\t\t\t\t<\/div>\n\t\t\t\t<div class=\"elementor-element elementor-element-33ded81 elementor-align-left elementor-mobile-align-center elementor-hidden-desktop elementor-hidden-tablet elementor-widget elementor-widget-dynamic-button\" data-id=\"33ded81\" data-element_type=\"widget\" data-widget_type=\"dynamic-button.default\">\n\t\t\t\t<div class=\"elementor-widget-container\">\n\t\t\t\t\t        <div class=\"elementor-button-wrapper\">\n            <a href=\"https:\/\/www.empacklogisticsautomationporto.com\/es\/medios\/suscribete\/\" target=\"_blank\" class=\"elementor-button-link elementor-button elementor-size-xs\" role=\"button\">\n                        <span class=\"elementor-button-content-wrapper\">\n\t\t\t\t\t\t<span class=\"elementor-button-text\">Suscr\u00edbete a nuestra newsletter<\/span>\n\t\t<\/span>\n                    <\/a>\n        <\/div>\n        \t\t\t\t<\/div>\n\t\t\t\t<\/div>\n\t\t\t\t\t<\/div>\n\t\t<\/div>\n\t\t\t\t\t<\/div>\n\t\t<\/section>\n\t\t\t\t<section class=\"elementor-section elementor-top-section elementor-element elementor-element-1e7cf97c elementor-section-full_width elementor-section-height-default elementor-section-height-default\" data-id=\"1e7cf97c\" data-element_type=\"section\" data-settings=\"{&quot;background_background&quot;:&quot;classic&quot;}\">\n\t\t\t\t\t\t<div class=\"elementor-container elementor-column-gap-no\">\n\t\t\t\t\t<div class=\"elementor-column elementor-col-50 elementor-top-column elementor-element elementor-element-796ab937\" data-id=\"796ab937\" data-element_type=\"column\">\n\t\t\t<div class=\"elementor-widget-wrap elementor-element-populated\">\n\t\t\t\t\t\t<div class=\"elementor-element elementor-element-542654cb elementor-invisible elementor-widget elementor-widget-heading\" data-id=\"542654cb\" data-element_type=\"widget\" data-settings=\"{&quot;_animation&quot;:&quot;fadeInRight&quot;}\" data-widget_type=\"heading.default\">\n\t\t\t\t<div class=\"elementor-widget-container\">\n\t\t\t\t\t<h2 class=\"elementor-heading-title elementor-size-default\">Empack Porto<\/h2>\t\t\t\t<\/div>\n\t\t\t\t<\/div>\n\t\t\t\t<div class=\"elementor-element elementor-element-4400d14f elementor-widget elementor-widget-text-editor\" data-id=\"4400d14f\" data-element_type=\"widget\" data-widget_type=\"text-editor.default\">\n\t\t\t\t<div class=\"elementor-widget-container\">\n\t\t\t\t\t\t\t\t\t<p>Los mejores proveedores, soluciones de envasado y un completo programa de conferencias para estar al d\u00eda de las \u00faltimas tendencias del sector.<\/p>\n<p>Empack, que se celebra simult\u00e1neamente con Logistics, es el evento anual de referencia para la comunidad y ofrece lo \u00faltimo en maquinaria y tecnolog\u00eda de envasado, impresi\u00f3n de envases y consumibles.<\/p>\n\t\t\t\t\t\t\t\t<\/div>\n\t\t\t\t<\/div>\n\t\t\t\t<div class=\"elementor-element elementor-element-6ada3611 elementor-align-left elementor-mobile-align-center elementor-hidden-phone elementor-widget elementor-widget-button\" data-id=\"6ada3611\" data-element_type=\"widget\" data-widget_type=\"button.default\">\n\t\t\t\t<div class=\"elementor-widget-container\">\n\t\t\t\t\t\t\t\t\t<div class=\"elementor-button-wrapper\">\n\t\t\t\t\t<a class=\"elementor-button elementor-button-link elementor-size-xs\" href=\"https:\/\/www.empacklogisticsautomationporto.com\/es\/empack-porto\/\">\n\t\t\t\t\t\t<span class=\"elementor-button-content-wrapper\">\n\t\t\t\t\t\t<span class=\"elementor-button-icon\">\n\t\t\t\t\t\t\t<\/span>\n\t\t\t\t\t\t\t\t\t<span class=\"elementor-button-text\">Conoce m\u00e1s<\/span>\n\t\t\t\t\t<\/span>\n\t\t\t\t\t<\/a>\n\t\t\t\t<\/div>\n\t\t\t\t\t\t\t\t<\/div>\n\t\t\t\t<\/div>\n\t\t\t\t\t<\/div>\n\t\t<\/div>\n\t\t\t\t<div class=\"elementor-column elementor-col-50 elementor-top-column elementor-element elementor-element-2de60996\" data-id=\"2de60996\" data-element_type=\"column\" data-settings=\"{&quot;background_background&quot;:&quot;classic&quot;}\">\n\t\t\t<div class=\"elementor-widget-wrap elementor-element-populated\">\n\t\t\t\t\t\t<div class=\"elementor-element elementor-element-5eb2e36 elementor-hidden-desktop elementor-hidden-tablet elementor-widget__width-initial elementor-widget elementor-widget-image\" data-id=\"5eb2e36\" data-element_type=\"widget\" data-widget_type=\"image.default\">\n\t\t\t\t<div class=\"elementor-widget-container\">\n\t\t\t\t\t\t\t\t\t\t\t\t\t\t\t<img decoding=\"async\" width=\"1920\" height=\"1440\" src=\"https:\/\/easyfairsassets.com\/sites\/68\/2024\/03\/EMPACK-Materials_09-2.jpg\" class=\"attachment-full size-full wp-image-112690\" alt=\"EMPACK-Materials_09.jpg\" srcset=\"https:\/\/easyfairsassets.com\/sites\/68\/2024\/03\/EMPACK-Materials_09-2.jpg 1920w, https:\/\/easyfairsassets.com\/sites\/68\/2024\/03\/EMPACK-Materials_09-2-300x225.jpg 300w, https:\/\/easyfairsassets.com\/sites\/68\/2024\/03\/EMPACK-Materials_09-2-1024x768.jpg 1024w, https:\/\/easyfairsassets.com\/sites\/68\/2024\/03\/EMPACK-Materials_09-2-768x576.jpg 768w, https:\/\/easyfairsassets.com\/sites\/68\/2024\/03\/EMPACK-Materials_09-2-1536x1152.jpg 1536w\" sizes=\"(max-width: 1920px) 100vw, 1920px\" \/>\t\t\t\t\t\t\t\t\t\t\t\t\t\t\t<\/div>\n\t\t\t\t<\/div>\n\t\t\t\t\t<\/div>\n\t\t<\/div>\n\t\t\t\t\t<\/div>\n\t\t<\/section>\n\t\t\t\t<section class=\"elementor-section elementor-top-section elementor-element elementor-element-d2dc951 elementor-section-full_width elementor-section-height-default elementor-section-height-default\" data-id=\"d2dc951\" data-element_type=\"section\" data-settings=\"{&quot;background_background&quot;:&quot;classic&quot;}\">\n\t\t\t\t\t\t<div class=\"elementor-container elementor-column-gap-no\">\n\t\t\t\t\t<div class=\"elementor-column elementor-col-50 elementor-top-column elementor-element elementor-element-908d6e8\" data-id=\"908d6e8\" data-element_type=\"column\" data-settings=\"{&quot;background_background&quot;:&quot;classic&quot;}\">\n\t\t\t<div class=\"elementor-widget-wrap elementor-element-populated\">\n\t\t\t\t\t\t<div class=\"elementor-element elementor-element-bc90cff elementor-hidden-desktop elementor-hidden-tablet elementor-widget elementor-widget-image\" data-id=\"bc90cff\" data-element_type=\"widget\" data-widget_type=\"image.default\">\n\t\t\t\t<div class=\"elementor-widget-container\">\n\t\t\t\t\t\t\t\t\t\t\t\t\t\t\t<img decoding=\"async\" width=\"1920\" height=\"1080\" src=\"https:\/\/easyfairsassets.com\/sites\/68\/2025\/05\/logistics-852936.jpg\" class=\"attachment-full size-full wp-image-170969\" alt=\"log\" srcset=\"https:\/\/easyfairsassets.com\/sites\/68\/2025\/05\/logistics-852936.jpg 1920w, https:\/\/easyfairsassets.com\/sites\/68\/2025\/05\/logistics-852936-300x169.jpg 300w, https:\/\/easyfairsassets.com\/sites\/68\/2025\/05\/logistics-852936-1024x576.jpg 1024w, https:\/\/easyfairsassets.com\/sites\/68\/2025\/05\/logistics-852936-768x432.jpg 768w, https:\/\/easyfairsassets.com\/sites\/68\/2025\/05\/logistics-852936-1536x864.jpg 1536w\" sizes=\"(max-width: 1920px) 100vw, 1920px\" \/>\t\t\t\t\t\t\t\t\t\t\t\t\t\t\t<\/div>\n\t\t\t\t<\/div>\n\t\t\t\t\t<\/div>\n\t\t<\/div>\n\t\t\t\t<div class=\"elementor-column elementor-col-50 elementor-top-column elementor-element elementor-element-8512055\" data-id=\"8512055\" data-element_type=\"column\">\n\t\t\t<div class=\"elementor-widget-wrap elementor-element-populated\">\n\t\t\t\t\t\t<div class=\"elementor-element elementor-element-0b9d226 elementor-invisible elementor-widget elementor-widget-heading\" data-id=\"0b9d226\" data-element_type=\"widget\" data-settings=\"{&quot;_animation&quot;:&quot;fadeInRight&quot;}\" data-widget_type=\"heading.default\">\n\t\t\t\t<div class=\"elementor-widget-container\">\n\t\t\t\t\t<h2 class=\"elementor-heading-title elementor-size-default\">Logistics &amp; Automation Porto<\/h2>\t\t\t\t<\/div>\n\t\t\t\t<\/div>\n\t\t\t\t<div class=\"elementor-element elementor-element-e9ffdec elementor-widget elementor-widget-text-editor\" data-id=\"e9ffdec\" data-element_type=\"widget\" data-widget_type=\"text-editor.default\">\n\t\t\t\t<div class=\"elementor-widget-container\">\n\t\t\t\t\t\t\t\t\t<p>Tecnolog\u00eda relacionada con la log\u00edstica, el almacenamiento y la cadena de suministro, zonas din\u00e1micas y demostraciones de m\u00e1quinas en directo y mucho m\u00e1s durante los dos d\u00edas del evento. Aproveche la oportunidad y visite el futuro de la innovaci\u00f3n.<\/p>\n<p>\u00a1La vanguardia y la innovaci\u00f3n en dos d\u00edas!<\/p>\n\t\t\t\t\t\t\t\t<\/div>\n\t\t\t\t<\/div>\n\t\t\t\t<div class=\"elementor-element elementor-element-0cef2bc elementor-align-left elementor-mobile-align-center elementor-widget elementor-widget-button\" data-id=\"0cef2bc\" data-element_type=\"widget\" data-widget_type=\"button.default\">\n\t\t\t\t<div class=\"elementor-widget-container\">\n\t\t\t\t\t\t\t\t\t<div class=\"elementor-button-wrapper\">\n\t\t\t\t\t<a class=\"elementor-button elementor-button-link elementor-size-xs\" href=\"https:\/\/www.empacklogisticsautomationporto.com\/es\/logistics-porto\/\" target=\"_blank\">\n\t\t\t\t\t\t<span class=\"elementor-button-content-wrapper\">\n\t\t\t\t\t\t<span class=\"elementor-button-icon\">\n\t\t\t\t\t\t\t<\/span>\n\t\t\t\t\t\t\t\t\t<span class=\"elementor-button-text\">M\u00e1s informaci\u00f3n sobre la edici\u00f3n anterior<\/span>\n\t\t\t\t\t<\/span>\n\t\t\t\t\t<\/a>\n\t\t\t\t<\/div>\n\t\t\t\t\t\t\t\t<\/div>\n\t\t\t\t<\/div>\n\t\t\t\t\t<\/div>\n\t\t<\/div>\n\t\t\t\t\t<\/div>\n\t\t<\/section>\n\t\t\t\t<section class=\"elementor-section elementor-top-section elementor-element elementor-element-6bbbc9af elementor-section-full_width elementor-section-height-default elementor-section-height-default\" data-id=\"6bbbc9af\" data-element_type=\"section\" data-settings=\"{&quot;background_background&quot;:&quot;classic&quot;}\">\n\t\t\t\t\t\t<div class=\"elementor-container elementor-column-gap-default\">\n\t\t\t\t\t<div class=\"elementor-column elementor-col-100 elementor-top-column elementor-element elementor-element-257cb18a\" data-id=\"257cb18a\" data-element_type=\"column\">\n\t\t\t<div class=\"elementor-widget-wrap elementor-element-populated\">\n\t\t\t\t\t\t<div class=\"elementor-element elementor-element-a5d725d elementor-widget elementor-widget-heading\" data-id=\"a5d725d\" data-element_type=\"widget\" data-widget_type=\"heading.default\">\n\t\t\t\t<div class=\"elementor-widget-container\">\n\t\t\t\t\t<h3 class=\"elementor-heading-title elementor-size-default\">Packaging Portfolio<\/h3>\t\t\t\t<\/div>\n\t\t\t\t<\/div>\n\t\t\t\t<div class=\"elementor-element elementor-element-af9f051 elementor-widget-tablet__width-initial elementor-widget elementor-widget-text-editor\" data-id=\"af9f051\" data-element_type=\"widget\" data-widget_type=\"text-editor.default\">\n\t\t\t\t<div class=\"elementor-widget-container\">\n\t\t\t\t\t\t\t\t\t<p>Empack Oporto forma parte de la serie europea: Packaging Portfolio de Easyfairs, la red de eventos dedicada a impulsar los negocios y la innovaci\u00f3n en la industria del envasado.<\/p>\n<p>Esta serie de eventos creativos e innovadores se centra en reunir a los l\u00edderes del mercado de toda la cadena de valor, desde propietarios de marcas y dise\u00f1adores hasta proveedores de envases y tecnolog\u00eda. Se re\u00fanen para descubrir nuevas posibilidades, inspirarse, moldear y dar forma a sus proyectos.<\/p>\n\t\t\t\t\t\t\t\t<\/div>\n\t\t\t\t<\/div>\n\t\t\t\t<div class=\"elementor-element elementor-element-94fdbe5 elementor-align-left elementor-mobile-align-center elementor-widget elementor-widget-button\" data-id=\"94fdbe5\" data-element_type=\"widget\" data-widget_type=\"button.default\">\n\t\t\t\t<div class=\"elementor-widget-container\">\n\t\t\t\t\t\t\t\t\t<div class=\"elementor-button-wrapper\">\n\t\t\t\t\t<a class=\"elementor-button elementor-button-link elementor-size-xs\" href=\"https:\/\/www.packaging-events.com\/\" target=\"_blank\">\n\t\t\t\t\t\t<span class=\"elementor-button-content-wrapper\">\n\t\t\t\t\t\t<span class=\"elementor-button-icon\">\n\t\t\t\t\t\t\t<\/span>\n\t\t\t\t\t\t\t\t\t<span class=\"elementor-button-text\">M\u00e1s informaci\u00f3n sobre Packaging Portfolio<\/span>\n\t\t\t\t\t<\/span>\n\t\t\t\t\t<\/a>\n\t\t\t\t<\/div>\n\t\t\t\t\t\t\t\t<\/div>\n\t\t\t\t<\/div>\n\t\t\t\t\t<\/div>\n\t\t<\/div>\n\t\t\t\t\t<\/div>\n\t\t<\/section>\n\t\t\t\t<section class=\"elementor-section elementor-top-section elementor-element elementor-element-dbf48bb elementor-section-full_width elementor-section-height-default elementor-section-height-default\" data-id=\"dbf48bb\" data-element_type=\"section\">\n\t\t\t\t\t\t<div class=\"elementor-container elementor-column-gap-default\">\n\t\t\t\t\t<div class=\"elementor-column elementor-col-100 elementor-top-column elementor-element elementor-element-67f480b\" data-id=\"67f480b\" data-element_type=\"column\">\n\t\t\t<div class=\"elementor-widget-wrap elementor-element-populated\">\n\t\t\t\t\t\t<div class=\"elementor-element elementor-element-d726280 elementor-widget__width-initial elementor-widget elementor-widget-image\" data-id=\"d726280\" data-element_type=\"widget\" data-widget_type=\"image.default\">\n\t\t\t\t<div class=\"elementor-widget-container\">\n\t\t\t\t\t\t\t\t\t\t\t\t\t\t\t<img loading=\"lazy\" decoding=\"async\" width=\"800\" height=\"84\" src=\"https:\/\/easyfairsassets.com\/sites\/68\/2023\/12\/2023_packaging_logos-1024x107.png\" class=\"attachment-large size-large wp-image-92478\" alt=\"2023_packaging_logos\" srcset=\"https:\/\/easyfairsassets.com\/sites\/68\/2023\/12\/2023_packaging_logos-1024x107.png 1024w, https:\/\/easyfairsassets.com\/sites\/68\/2023\/12\/2023_packaging_logos-300x31.png 300w, https:\/\/easyfairsassets.com\/sites\/68\/2023\/12\/2023_packaging_logos-768x80.png 768w, https:\/\/easyfairsassets.com\/sites\/68\/2023\/12\/2023_packaging_logos.png 1319w\" sizes=\"(max-width: 800px) 100vw, 800px\" \/>\t\t\t\t\t\t\t\t\t\t\t\t\t\t\t<\/div>\n\t\t\t\t<\/div>\n\t\t\t\t\t<\/div>\n\t\t<\/div>\n\t\t\t\t\t<\/div>\n\t\t<\/section>\n\t\t\t\t<\/div>\n\t\t","protected":false},"excerpt":{"rendered":"<p>Un evento l\u00edder para descubrir el futuro del envasado, la log\u00edstica y el transporte Empack y Logistics &amp; Automation Porto ofrece a los visitantes que son profesionales de la industria del embalaje, almacenamiento, manipulaci\u00f3n y log\u00edstica la oportunidad de conocer a los principales proveedores \/ expositores y ponerse en contacto con ellos. El evento que [&hellip;]<\/p>\n","protected":false},"author":1,"featured_media":0,"parent":0,"menu_order":100,"comment_status":"closed","ping_status":"closed","template":"","meta":{"_seopress_robots_primary_cat":"","_seopress_titles_title":"Sobre nosotros | Empack e Logistics & Automation Porto ","_seopress_titles_desc":"Descubre el evento l\u00edder: \u00a1la tecnolog\u00eda del futuro en embalaje y log\u00edstica te espera!","_seopress_robots_index":"","footnotes":""},"class_list":["post-3231","page","type-page","status-publish","hentry"],"_links":{"self":[{"href":"https:\/\/www.empacklogisticsautomationporto.com\/es\/wp-json\/wp\/v2\/pages\/3231","targetHints":{"allow":["GET"]}}],"collection":[{"href":"https:\/\/www.empacklogisticsautomationporto.com\/es\/wp-json\/wp\/v2\/pages"}],"about":[{"href":"https:\/\/www.empacklogisticsautomationporto.com\/es\/wp-json\/wp\/v2\/types\/page"}],"author":[{"embeddable":true,"href":"https:\/\/www.empacklogisticsautomationporto.com\/es\/wp-json\/wp\/v2\/users\/1"}],"replies":[{"embeddable":true,"href":"https:\/\/www.empacklogisticsautomationporto.com\/es\/wp-json\/wp\/v2\/comments?post=3231"}],"version-history":[{"count":5,"href":"https:\/\/www.empacklogisticsautomationporto.com\/es\/wp-json\/wp\/v2\/pages\/3231\/revisions"}],"predecessor-version":[{"id":184236,"href":"https:\/\/www.empacklogisticsautomationporto.com\/es\/wp-json\/wp\/v2\/pages\/3231\/revisions\/184236"}],"wp:attachment":[{"href":"https:\/\/www.empacklogisticsautomationporto.com\/es\/wp-json\/wp\/v2\/media?parent=3231"}],"curies":[{"name":"wp","href":"https:\/\/api.w.org\/{rel}","templated":true}]}}