{"id":6062,"date":"2020-02-19T10:19:26","date_gmt":"2020-02-19T10:19:26","guid":{"rendered":"https:\/\/www.empacklogisticsautomationporto.com\/medios\/blog\/"},"modified":"2026-03-30T14:07:17","modified_gmt":"2026-03-30T13:07:17","slug":"pack-logistics-news","status":"publish","type":"page","link":"https:\/\/www.empacklogisticsautomationporto.com\/es\/medios\/pack-logistics-news\/","title":{"rendered":"Empack e L&#038;A Blog"},"content":{"rendered":"\t\t<div data-elementor-type=\"wp-page\" data-elementor-id=\"6062\" class=\"elementor elementor-6062 elementor-5797\" data-elementor-post-type=\"page\">\n\t\t\t\t\t\t<section class=\"elementor-section elementor-top-section elementor-element elementor-element-32bef80b elementor-section-full_width elementor-section-height-default elementor-section-height-default\" data-id=\"32bef80b\" data-element_type=\"section\" data-settings=\"{&quot;background_background&quot;:&quot;classic&quot;}\">\n\t\t\t\t\t\t<div class=\"elementor-container elementor-column-gap-default\">\n\t\t\t\t\t<div class=\"elementor-column elementor-col-50 elementor-top-column elementor-element elementor-element-1f2930cc\" data-id=\"1f2930cc\" data-element_type=\"column\" data-settings=\"{&quot;background_background&quot;:&quot;classic&quot;}\">\n\t\t\t<div class=\"elementor-widget-wrap\">\n\t\t\t\t\t\t\t<\/div>\n\t\t<\/div>\n\t\t\t\t<div class=\"elementor-column elementor-col-50 elementor-top-column elementor-element elementor-element-76fa7aba\" data-id=\"76fa7aba\" data-element_type=\"column\">\n\t\t\t<div class=\"elementor-widget-wrap elementor-element-populated\">\n\t\t\t\t\t\t<div class=\"elementor-element elementor-element-31647623 elementor-widget elementor-widget-heading\" data-id=\"31647623\" data-element_type=\"widget\" data-widget_type=\"heading.default\">\n\t\t\t\t<div class=\"elementor-widget-container\">\n\t\t\t\t\t<h1 class=\"elementor-heading-title elementor-size-default\">Blog de Empack y Logistics &amp; Automation Porto<\/h1>\t\t\t\t<\/div>\n\t\t\t\t<\/div>\n\t\t\t\t<div class=\"elementor-element elementor-element-507c9839 elementor-widget-tablet__width-initial elementor-widget elementor-widget-text-editor\" data-id=\"507c9839\" data-element_type=\"widget\" data-widget_type=\"text-editor.default\">\n\t\t\t\t<div class=\"elementor-widget-container\">\n\t\t\t\t\t\t\t\t\t<p>Descubre las noticias de embalaje y log\u00edstica, adem\u00e1s de todas las novedades del evento, conferencias, actividades, \u00e1reas\u2026as\u00ed como de sus expositores<\/p>\t\t\t\t\t\t\t\t<\/div>\n\t\t\t\t<\/div>\n\t\t\t\t<div class=\"elementor-element elementor-element-e957516 elementor-align-left elementor-mobile-align-center elementor-widget elementor-widget-button\" data-id=\"e957516\" data-element_type=\"widget\" data-widget_type=\"button.default\">\n\t\t\t\t<div class=\"elementor-widget-container\">\n\t\t\t\t\t\t\t\t\t<div class=\"elementor-button-wrapper\">\n\t\t\t\t\t<a class=\"elementor-button elementor-button-link elementor-size-xs\" href=\"https:\/\/www.empacklogisticsautomationporto.com\/es\/medios\/suscribete\/\">\n\t\t\t\t\t\t<span class=\"elementor-button-content-wrapper\">\n\t\t\t\t\t\t<span class=\"elementor-button-icon\">\n\t\t\t\t\t\t\t<\/span>\n\t\t\t\t\t\t\t\t\t<span class=\"elementor-button-text\">Suscr\u00edbete<\/span>\n\t\t\t\t\t<\/span>\n\t\t\t\t\t<\/a>\n\t\t\t\t<\/div>\n\t\t\t\t\t\t\t\t<\/div>\n\t\t\t\t<\/div>\n\t\t\t\t\t<\/div>\n\t\t<\/div>\n\t\t\t\t\t<\/div>\n\t\t<\/section>\n\t\t\t\t<section class=\"elementor-section elementor-top-section elementor-element elementor-element-66f03a4 elementor-section-full_width elementor-section-height-default elementor-section-height-default\" data-id=\"66f03a4\" data-element_type=\"section\" data-settings=\"{&quot;background_background&quot;:&quot;classic&quot;}\">\n\t\t\t\t\t\t\t<div class=\"elementor-background-overlay\"><\/div>\n\t\t\t\t\t\t\t<div class=\"elementor-container elementor-column-gap-default\">\n\t\t\t\t\t<div class=\"elementor-column elementor-col-100 elementor-top-column elementor-element elementor-element-3876e26\" data-id=\"3876e26\" data-element_type=\"column\">\n\t\t\t<div class=\"elementor-widget-wrap elementor-element-populated\">\n\t\t\t\t\t\t\t<\/div>\n\t\t<\/div>\n\t\t\t\t\t<\/div>\n\t\t<\/section>\n\t\t\t\t<\/div>\n\t\t","protected":false},"excerpt":{"rendered":"<p>Blog de Empack y Logistics &amp; Automation Porto Descubre las noticias de embalaje y log\u00edstica, adem\u00e1s de todas las novedades del evento, conferencias, actividades, \u00e1reas\u2026as\u00ed como de sus expositores Suscr\u00edbete<\/p>\n","protected":false},"author":1,"featured_media":0,"parent":5793,"menu_order":0,"comment_status":"closed","ping_status":"closed","template":"","meta":{"_seopress_robots_primary_cat":"","_seopress_titles_title":"Empack e L&A Blog | Empack e Logistics & Automation","_seopress_titles_desc":"Descubre las noticias de embalaje y log\u00edstica, adem\u00e1s de todas las novedades del evento, conferencias, actividades, \u00e1reas\u2026as\u00ed como de sus expositores.","_seopress_robots_index":"","footnotes":""},"class_list":["post-6062","page","type-page","status-publish","hentry"],"_links":{"self":[{"href":"https:\/\/www.empacklogisticsautomationporto.com\/es\/wp-json\/wp\/v2\/pages\/6062","targetHints":{"allow":["GET"]}}],"collection":[{"href":"https:\/\/www.empacklogisticsautomationporto.com\/es\/wp-json\/wp\/v2\/pages"}],"about":[{"href":"https:\/\/www.empacklogisticsautomationporto.com\/es\/wp-json\/wp\/v2\/types\/page"}],"author":[{"embeddable":true,"href":"https:\/\/www.empacklogisticsautomationporto.com\/es\/wp-json\/wp\/v2\/users\/1"}],"replies":[{"embeddable":true,"href":"https:\/\/www.empacklogisticsautomationporto.com\/es\/wp-json\/wp\/v2\/comments?post=6062"}],"version-history":[{"count":5,"href":"https:\/\/www.empacklogisticsautomationporto.com\/es\/wp-json\/wp\/v2\/pages\/6062\/revisions"}],"predecessor-version":[{"id":183749,"href":"https:\/\/www.empacklogisticsautomationporto.com\/es\/wp-json\/wp\/v2\/pages\/6062\/revisions\/183749"}],"up":[{"embeddable":true,"href":"https:\/\/www.empacklogisticsautomationporto.com\/es\/wp-json\/wp\/v2\/pages\/5793"}],"wp:attachment":[{"href":"https:\/\/www.empacklogisticsautomationporto.com\/es\/wp-json\/wp\/v2\/media?parent=6062"}],"curies":[{"name":"wp","href":"https:\/\/api.w.org\/{rel}","templated":true}]}}