{"id":1713,"date":"2019-10-03T11:14:18","date_gmt":"2019-10-03T10:14:18","guid":{"rendered":"https:\/\/www.empacklogisticsautomationporto.com\/?page_id=1713"},"modified":"2026-04-09T09:28:20","modified_gmt":"2026-04-09T08:28:20","slug":"sobre-nos","status":"publish","type":"page","link":"https:\/\/www.empacklogisticsautomationporto.com\/pt-pt\/sobre-nos\/","title":{"rendered":"Sobre n\u00f3s"},"content":{"rendered":"\t\t<div data-elementor-type=\"wp-post\" data-elementor-id=\"1713\" class=\"elementor elementor-1713\" data-elementor-post-type=\"page\">\n\t\t\t\t\t\t<section class=\"elementor-section elementor-top-section elementor-element elementor-element-1d335111 elementor-section-full_width elementor-section-height-default elementor-section-height-default\" data-id=\"1d335111\" data-element_type=\"section\" data-settings=\"{&quot;background_background&quot;:&quot;classic&quot;}\">\n\t\t\t\t\t\t<div class=\"elementor-container elementor-column-gap-default\">\n\t\t\t\t\t<div class=\"elementor-column elementor-col-50 elementor-top-column elementor-element elementor-element-e067125\" data-id=\"e067125\" data-element_type=\"column\" data-settings=\"{&quot;background_background&quot;:&quot;classic&quot;}\">\n\t\t\t<div class=\"elementor-widget-wrap elementor-element-populated\">\n\t\t\t\t\t\t<div class=\"elementor-element elementor-element-1bfbabf9 elementor-hidden-desktop elementor-hidden-tablet elementor-widget elementor-widget-image\" data-id=\"1bfbabf9\" data-element_type=\"widget\" data-widget_type=\"image.default\">\n\t\t\t\t<div class=\"elementor-widget-container\">\n\t\t\t\t\t\t\t\t\t\t\t\t\t\t\t<img fetchpriority=\"high\" decoding=\"async\" width=\"700\" height=\"700\" src=\"https:\/\/easyfairsassets.com\/sites\/68\/2023\/12\/EmMadrid2021New_Images__0003_EMPACK-Consumer-Packaging_01.jpg\" class=\"attachment-full size-full wp-image-92222\" alt=\"empack imagen gen\u00e9rica\" srcset=\"https:\/\/easyfairsassets.com\/sites\/68\/2023\/12\/EmMadrid2021New_Images__0003_EMPACK-Consumer-Packaging_01.jpg 700w, https:\/\/easyfairsassets.com\/sites\/68\/2023\/12\/EmMadrid2021New_Images__0003_EMPACK-Consumer-Packaging_01-300x300.jpg 300w, https:\/\/easyfairsassets.com\/sites\/68\/2023\/12\/EmMadrid2021New_Images__0003_EMPACK-Consumer-Packaging_01-150x150.jpg 150w\" sizes=\"(max-width: 700px) 100vw, 700px\" \/>\t\t\t\t\t\t\t\t\t\t\t\t\t\t\t<\/div>\n\t\t\t\t<\/div>\n\t\t\t\t\t<\/div>\n\t\t<\/div>\n\t\t\t\t<div class=\"elementor-column elementor-col-50 elementor-top-column elementor-element elementor-element-a0cfbe7\" data-id=\"a0cfbe7\" data-element_type=\"column\">\n\t\t\t<div class=\"elementor-widget-wrap elementor-element-populated\">\n\t\t\t\t\t\t<div class=\"elementor-element elementor-element-6b6d2b16 elementor-widget elementor-widget-heading\" data-id=\"6b6d2b16\" data-element_type=\"widget\" data-widget_type=\"heading.default\">\n\t\t\t\t<div class=\"elementor-widget-container\">\n\t\t\t\t\t<h1 class=\"elementor-heading-title elementor-size-default\">Um evento l\u00edder para descobrir o futuro da embalagem, da log\u00edstica e do transporte<\/h1>\t\t\t\t<\/div>\n\t\t\t\t<\/div>\n\t\t\t\t<div class=\"elementor-element elementor-element-3fb6a3ab elementor-widget-tablet__width-initial elementor-widget elementor-widget-text-editor\" data-id=\"3fb6a3ab\" data-element_type=\"widget\" data-widget_type=\"text-editor.default\">\n\t\t\t\t<div class=\"elementor-widget-container\">\n\t\t\t\t\t\t\t\t\t<p><b>Empack e Logistics &amp; Automation Porto<\/b> oferece aos visitantes profissionais da ind\u00fastria da embalagem, armazenamento, manipula\u00e7\u00e3o e log\u00edstica a oportunidade de conhecer os principais fornecedores \/ expositores e entrar em contato com eles.\u00a0<\/p><p>O evento ao qual n\u00e3o vai querer faltar nos dias <strong>22 &amp; 23 de abril de 2026<\/strong> para fazer neg\u00f3cios e networking.<\/p>\t\t\t\t\t\t\t\t<\/div>\n\t\t\t\t<\/div>\n\t\t\t\t<div class=\"elementor-element elementor-element-48a5940 elementor-align-center elementor-tablet-align-left elementor-mobile-align-center elementor-widget elementor-widget-global elementor-global-65147 elementor-widget-dynamic-button\" data-id=\"48a5940\" data-element_type=\"widget\" data-widget_type=\"dynamic-button.default\">\n\t\t\t\t<div class=\"elementor-widget-container\">\n\t\t\t\t\t        <div class=\"elementor-button-wrapper\">\n            <a href=\"https:\/\/register.visitcloud.com\/survey\/05n7it5yl2w8l\" target=\"_blank\" class=\"elementor-button-link elementor-button elementor-size-xs\" role=\"button\">\n                        <span class=\"elementor-button-content-wrapper\">\n\t\t\t\t\t\t<span class=\"elementor-button-text\">Registo gratuito<\/span>\n\t\t<\/span>\n                    <\/a>\n        <\/div>\n        \t\t\t\t<\/div>\n\t\t\t\t<\/div>\n\t\t\t\t<div class=\"elementor-element elementor-element-33ded81 elementor-align-left elementor-mobile-align-center elementor-hidden-desktop elementor-hidden-tablet elementor-widget elementor-widget-dynamic-button\" data-id=\"33ded81\" data-element_type=\"widget\" data-widget_type=\"dynamic-button.default\">\n\t\t\t\t<div class=\"elementor-widget-container\">\n\t\t\t\t\t        <div class=\"elementor-button-wrapper\">\n            <a href=\"https:\/\/www.empacklogisticsautomationporto.com\/pt-pt\/meios-de-comunicacao\/subscrever\/\" target=\"_blank\" class=\"elementor-button-link elementor-button elementor-size-xs\" role=\"button\">\n                        <span class=\"elementor-button-content-wrapper\">\n\t\t\t\t\t\t<span class=\"elementor-button-text\">Subscreva a newsletter<\/span>\n\t\t<\/span>\n                    <\/a>\n        <\/div>\n        \t\t\t\t<\/div>\n\t\t\t\t<\/div>\n\t\t\t\t\t<\/div>\n\t\t<\/div>\n\t\t\t\t\t<\/div>\n\t\t<\/section>\n\t\t\t\t<section class=\"elementor-section elementor-top-section elementor-element elementor-element-1e7cf97c elementor-section-full_width elementor-section-height-default elementor-section-height-default\" data-id=\"1e7cf97c\" data-element_type=\"section\" data-settings=\"{&quot;background_background&quot;:&quot;classic&quot;}\">\n\t\t\t\t\t\t<div class=\"elementor-container elementor-column-gap-no\">\n\t\t\t\t\t<div class=\"elementor-column elementor-col-50 elementor-top-column elementor-element elementor-element-796ab937\" data-id=\"796ab937\" data-element_type=\"column\">\n\t\t\t<div class=\"elementor-widget-wrap elementor-element-populated\">\n\t\t\t\t\t\t<div class=\"elementor-element elementor-element-542654cb elementor-invisible elementor-widget elementor-widget-heading\" data-id=\"542654cb\" data-element_type=\"widget\" data-settings=\"{&quot;_animation&quot;:&quot;fadeInRight&quot;}\" data-widget_type=\"heading.default\">\n\t\t\t\t<div class=\"elementor-widget-container\">\n\t\t\t\t\t<h2 class=\"elementor-heading-title elementor-size-default\">Empack Porto<\/h2>\t\t\t\t<\/div>\n\t\t\t\t<\/div>\n\t\t\t\t<div class=\"elementor-element elementor-element-4400d14f elementor-widget elementor-widget-text-editor\" data-id=\"4400d14f\" data-element_type=\"widget\" data-widget_type=\"text-editor.default\">\n\t\t\t\t<div class=\"elementor-widget-container\">\n\t\t\t\t\t\t\t\t\t<p>Os melhores fornecedores, solu\u00e7\u00f5es de embalagem e um programa completo de confer\u00eancias para o manter actualizado com as \u00faltimas tend\u00eancias da ind\u00fastria.<\/p><p>Empack, celebrado simultaneamente com Logistics &amp; Automation, \u00e9 o evento anual de refer\u00eancia para a comunidade, e oferece o que h\u00e1 de mais moderno em m\u00e1quinas e tecnologia de embalagem, impress\u00e3o de embalagens e consum\u00edveis.<\/p>\t\t\t\t\t\t\t\t<\/div>\n\t\t\t\t<\/div>\n\t\t\t\t<div class=\"elementor-element elementor-element-6ada3611 elementor-align-left elementor-mobile-align-center elementor-hidden-phone elementor-widget elementor-widget-button\" data-id=\"6ada3611\" data-element_type=\"widget\" data-widget_type=\"button.default\">\n\t\t\t\t<div class=\"elementor-widget-container\">\n\t\t\t\t\t\t\t\t\t<div class=\"elementor-button-wrapper\">\n\t\t\t\t\t<a class=\"elementor-button elementor-button-link elementor-size-xs\" href=\"https:\/\/www.empacklogisticsautomationporto.com\/pt-pt\/empack-porto\/\">\n\t\t\t\t\t\t<span class=\"elementor-button-content-wrapper\">\n\t\t\t\t\t\t<span class=\"elementor-button-icon\">\n\t\t\t\t\t\t\t<\/span>\n\t\t\t\t\t\t\t\t\t<span class=\"elementor-button-text\">Saiba mais<\/span>\n\t\t\t\t\t<\/span>\n\t\t\t\t\t<\/a>\n\t\t\t\t<\/div>\n\t\t\t\t\t\t\t\t<\/div>\n\t\t\t\t<\/div>\n\t\t\t\t\t<\/div>\n\t\t<\/div>\n\t\t\t\t<div class=\"elementor-column elementor-col-50 elementor-top-column elementor-element elementor-element-2de60996\" data-id=\"2de60996\" data-element_type=\"column\" data-settings=\"{&quot;background_background&quot;:&quot;classic&quot;}\">\n\t\t\t<div class=\"elementor-widget-wrap elementor-element-populated\">\n\t\t\t\t\t\t<div class=\"elementor-element elementor-element-5eb2e36 elementor-hidden-desktop elementor-hidden-tablet elementor-widget__width-initial elementor-widget elementor-widget-image\" data-id=\"5eb2e36\" data-element_type=\"widget\" data-widget_type=\"image.default\">\n\t\t\t\t<div class=\"elementor-widget-container\">\n\t\t\t\t\t\t\t\t\t\t\t\t\t\t\t<img decoding=\"async\" width=\"1920\" height=\"1440\" src=\"https:\/\/easyfairsassets.com\/sites\/68\/2024\/03\/EMPACK-Materials_09-2.jpg\" class=\"attachment-full size-full wp-image-112688\" alt=\"EMPACK-Materials_09.jpg\" srcset=\"https:\/\/easyfairsassets.com\/sites\/68\/2024\/03\/EMPACK-Materials_09-2.jpg 1920w, https:\/\/easyfairsassets.com\/sites\/68\/2024\/03\/EMPACK-Materials_09-2-300x225.jpg 300w, https:\/\/easyfairsassets.com\/sites\/68\/2024\/03\/EMPACK-Materials_09-2-1024x768.jpg 1024w, https:\/\/easyfairsassets.com\/sites\/68\/2024\/03\/EMPACK-Materials_09-2-768x576.jpg 768w, https:\/\/easyfairsassets.com\/sites\/68\/2024\/03\/EMPACK-Materials_09-2-1536x1152.jpg 1536w\" sizes=\"(max-width: 1920px) 100vw, 1920px\" \/>\t\t\t\t\t\t\t\t\t\t\t\t\t\t\t<\/div>\n\t\t\t\t<\/div>\n\t\t\t\t\t<\/div>\n\t\t<\/div>\n\t\t\t\t\t<\/div>\n\t\t<\/section>\n\t\t\t\t<section class=\"elementor-section elementor-top-section elementor-element elementor-element-d2dc951 elementor-section-full_width elementor-section-height-default elementor-section-height-default\" data-id=\"d2dc951\" data-element_type=\"section\" data-settings=\"{&quot;background_background&quot;:&quot;classic&quot;}\">\n\t\t\t\t\t\t<div class=\"elementor-container elementor-column-gap-no\">\n\t\t\t\t\t<div class=\"elementor-column elementor-col-50 elementor-top-column elementor-element elementor-element-908d6e8\" data-id=\"908d6e8\" data-element_type=\"column\" data-settings=\"{&quot;background_background&quot;:&quot;classic&quot;}\">\n\t\t\t<div class=\"elementor-widget-wrap elementor-element-populated\">\n\t\t\t\t\t\t<div class=\"elementor-element elementor-element-bc90cff elementor-hidden-desktop elementor-hidden-tablet elementor-widget elementor-widget-image\" data-id=\"bc90cff\" data-element_type=\"widget\" data-widget_type=\"image.default\">\n\t\t\t\t<div class=\"elementor-widget-container\">\n\t\t\t\t\t\t\t\t\t\t\t\t\t\t\t<img decoding=\"async\" width=\"1920\" height=\"1080\" src=\"https:\/\/easyfairsassets.com\/sites\/68\/2025\/05\/logistics-852936.jpg\" class=\"attachment-full size-full wp-image-170968\" alt=\"log\" srcset=\"https:\/\/easyfairsassets.com\/sites\/68\/2025\/05\/logistics-852936.jpg 1920w, https:\/\/easyfairsassets.com\/sites\/68\/2025\/05\/logistics-852936-300x169.jpg 300w, https:\/\/easyfairsassets.com\/sites\/68\/2025\/05\/logistics-852936-1024x576.jpg 1024w, https:\/\/easyfairsassets.com\/sites\/68\/2025\/05\/logistics-852936-768x432.jpg 768w, https:\/\/easyfairsassets.com\/sites\/68\/2025\/05\/logistics-852936-1536x864.jpg 1536w\" sizes=\"(max-width: 1920px) 100vw, 1920px\" \/>\t\t\t\t\t\t\t\t\t\t\t\t\t\t\t<\/div>\n\t\t\t\t<\/div>\n\t\t\t\t\t<\/div>\n\t\t<\/div>\n\t\t\t\t<div class=\"elementor-column elementor-col-50 elementor-top-column elementor-element elementor-element-8512055\" data-id=\"8512055\" data-element_type=\"column\">\n\t\t\t<div class=\"elementor-widget-wrap elementor-element-populated\">\n\t\t\t\t\t\t<div class=\"elementor-element elementor-element-0b9d226 elementor-invisible elementor-widget elementor-widget-heading\" data-id=\"0b9d226\" data-element_type=\"widget\" data-settings=\"{&quot;_animation&quot;:&quot;fadeInRight&quot;}\" data-widget_type=\"heading.default\">\n\t\t\t\t<div class=\"elementor-widget-container\">\n\t\t\t\t\t<h2 class=\"elementor-heading-title elementor-size-default\">Logistics &amp; Automation Porto<\/h2>\t\t\t\t<\/div>\n\t\t\t\t<\/div>\n\t\t\t\t<div class=\"elementor-element elementor-element-e9ffdec elementor-widget elementor-widget-text-editor\" data-id=\"e9ffdec\" data-element_type=\"widget\" data-widget_type=\"text-editor.default\">\n\t\t\t\t<div class=\"elementor-widget-container\">\n\t\t\t\t\t\t\t\t\t<p>A tecnologia relacionada \u00e0 log\u00edstica, armazenagem e cadeia de fornecimento, \u00e1reas din\u00e2micas e demonstra\u00e7\u00f5es de m\u00e1quinas ao vivo\u00a0 e muito mais durante dois dias do evento. Aproveite a oportunidade e visite o futuro da inova\u00e7\u00e3o.<\/p><p>A vanguardia e innova\u00e7\u00e3o em dois dias!<\/p>\t\t\t\t\t\t\t\t<\/div>\n\t\t\t\t<\/div>\n\t\t\t\t<div class=\"elementor-element elementor-element-0cef2bc elementor-align-left elementor-mobile-align-center elementor-widget elementor-widget-button\" data-id=\"0cef2bc\" data-element_type=\"widget\" data-widget_type=\"button.default\">\n\t\t\t\t<div class=\"elementor-widget-container\">\n\t\t\t\t\t\t\t\t\t<div class=\"elementor-button-wrapper\">\n\t\t\t\t\t<a class=\"elementor-button elementor-button-link elementor-size-xs\" href=\"https:\/\/www.empacklogisticsautomationporto.com\/pt-pt\/logistics-porto\/\" target=\"_blank\">\n\t\t\t\t\t\t<span class=\"elementor-button-content-wrapper\">\n\t\t\t\t\t\t<span class=\"elementor-button-icon\">\n\t\t\t\t\t\t\t<\/span>\n\t\t\t\t\t\t\t\t\t<span class=\"elementor-button-text\">Saiba mais<\/span>\n\t\t\t\t\t<\/span>\n\t\t\t\t\t<\/a>\n\t\t\t\t<\/div>\n\t\t\t\t\t\t\t\t<\/div>\n\t\t\t\t<\/div>\n\t\t\t\t\t<\/div>\n\t\t<\/div>\n\t\t\t\t\t<\/div>\n\t\t<\/section>\n\t\t\t\t<section class=\"elementor-section elementor-top-section elementor-element elementor-element-6bbbc9af elementor-section-full_width elementor-section-height-default elementor-section-height-default\" data-id=\"6bbbc9af\" data-element_type=\"section\" data-settings=\"{&quot;background_background&quot;:&quot;classic&quot;}\">\n\t\t\t\t\t\t<div class=\"elementor-container elementor-column-gap-default\">\n\t\t\t\t\t<div class=\"elementor-column elementor-col-100 elementor-top-column elementor-element elementor-element-257cb18a\" data-id=\"257cb18a\" data-element_type=\"column\">\n\t\t\t<div class=\"elementor-widget-wrap elementor-element-populated\">\n\t\t\t\t\t\t<div class=\"elementor-element elementor-element-a5d725d elementor-widget elementor-widget-heading\" data-id=\"a5d725d\" data-element_type=\"widget\" data-widget_type=\"heading.default\">\n\t\t\t\t<div class=\"elementor-widget-container\">\n\t\t\t\t\t<h3 class=\"elementor-heading-title elementor-size-default\">Packaging Portfolio<\/h3>\t\t\t\t<\/div>\n\t\t\t\t<\/div>\n\t\t\t\t<div class=\"elementor-element elementor-element-af9f051 elementor-widget-tablet__width-initial elementor-widget elementor-widget-text-editor\" data-id=\"af9f051\" data-element_type=\"widget\" data-widget_type=\"text-editor.default\">\n\t\t\t\t<div class=\"elementor-widget-container\">\n\t\t\t\t\t\t\t\t\t<p>Empack Porto faz parte da s\u00e9rie europeia: Packaging Portfolio by Easyfairs, a rede de eventos dedicada a impulsionar os neg\u00f3cios e a inova\u00e7\u00e3o na ind\u00fastria da embalagem.<\/p><div>Este conjunto de eventos criativos e inovadores est\u00e3o focados em reunir os l\u00edderes do mercado de toda a cadeia de valor, desde propriet\u00e1rios de marcas e designers a fornecedores de embalagens e tecnologia. Juntam-se para descobrir novas possibilidades, inspirar-se, moldar e dar forma aos seus projectos.<\/div>\t\t\t\t\t\t\t\t<\/div>\n\t\t\t\t<\/div>\n\t\t\t\t<div class=\"elementor-element elementor-element-94fdbe5 elementor-align-left elementor-mobile-align-center elementor-widget elementor-widget-button\" data-id=\"94fdbe5\" data-element_type=\"widget\" data-widget_type=\"button.default\">\n\t\t\t\t<div class=\"elementor-widget-container\">\n\t\t\t\t\t\t\t\t\t<div class=\"elementor-button-wrapper\">\n\t\t\t\t\t<a class=\"elementor-button elementor-button-link elementor-size-xs\" href=\"https:\/\/www.packaging-events.com\/\" target=\"_blank\">\n\t\t\t\t\t\t<span class=\"elementor-button-content-wrapper\">\n\t\t\t\t\t\t<span class=\"elementor-button-icon\">\n\t\t\t\t\t\t\t<\/span>\n\t\t\t\t\t\t\t\t\t<span class=\"elementor-button-text\">Saiba mais sobre o Packaging Portfolio<\/span>\n\t\t\t\t\t<\/span>\n\t\t\t\t\t<\/a>\n\t\t\t\t<\/div>\n\t\t\t\t\t\t\t\t<\/div>\n\t\t\t\t<\/div>\n\t\t\t\t\t<\/div>\n\t\t<\/div>\n\t\t\t\t\t<\/div>\n\t\t<\/section>\n\t\t\t\t<section class=\"elementor-section elementor-top-section elementor-element elementor-element-dbf48bb elementor-section-full_width elementor-section-height-default elementor-section-height-default\" data-id=\"dbf48bb\" data-element_type=\"section\">\n\t\t\t\t\t\t<div class=\"elementor-container elementor-column-gap-default\">\n\t\t\t\t\t<div class=\"elementor-column elementor-col-100 elementor-top-column elementor-element elementor-element-67f480b\" data-id=\"67f480b\" data-element_type=\"column\">\n\t\t\t<div class=\"elementor-widget-wrap elementor-element-populated\">\n\t\t\t\t\t\t<div class=\"elementor-element elementor-element-d726280 elementor-widget__width-initial elementor-widget elementor-widget-image\" data-id=\"d726280\" data-element_type=\"widget\" data-widget_type=\"image.default\">\n\t\t\t\t<div class=\"elementor-widget-container\">\n\t\t\t\t\t\t\t\t\t\t\t\t\t\t\t<img loading=\"lazy\" decoding=\"async\" width=\"800\" height=\"84\" src=\"https:\/\/easyfairsassets.com\/sites\/68\/2023\/12\/2023_packaging_logos-1024x107.png\" class=\"attachment-large size-large wp-image-92476\" alt=\"2023_packaging_logos\" srcset=\"https:\/\/easyfairsassets.com\/sites\/68\/2023\/12\/2023_packaging_logos-1024x107.png 1024w, https:\/\/easyfairsassets.com\/sites\/68\/2023\/12\/2023_packaging_logos-300x31.png 300w, https:\/\/easyfairsassets.com\/sites\/68\/2023\/12\/2023_packaging_logos-768x80.png 768w, https:\/\/easyfairsassets.com\/sites\/68\/2023\/12\/2023_packaging_logos.png 1319w\" sizes=\"(max-width: 800px) 100vw, 800px\" \/>\t\t\t\t\t\t\t\t\t\t\t\t\t\t\t<\/div>\n\t\t\t\t<\/div>\n\t\t\t\t\t<\/div>\n\t\t<\/div>\n\t\t\t\t\t<\/div>\n\t\t<\/section>\n\t\t\t\t<\/div>\n\t\t","protected":false},"excerpt":{"rendered":"<p>Um evento l\u00edder para descobrir o futuro da embalagem, da log\u00edstica e do transporte Empack e Logistics &amp; Automation Porto oferece aos visitantes profissionais da ind\u00fastria da embalagem, armazenamento, manipula\u00e7\u00e3o e log\u00edstica a oportunidade de conhecer os principais fornecedores \/ expositores e entrar em contato com eles.\u00a0 O evento ao qual n\u00e3o vai querer faltar [&hellip;]<\/p>\n","protected":false},"author":1,"featured_media":0,"parent":0,"menu_order":100,"comment_status":"closed","ping_status":"closed","template":"","meta":{"_seopress_robots_primary_cat":"","_seopress_titles_title":"Sobre n\u00f3s | Empack e Logistics & Automation Porto","_seopress_titles_desc":"Descubra as \u00faltimas inova\u00e7\u00f5es em embalagem, armazenamento e log\u00edstica. Encontre l\u00edderes do setor em um evento imperd\u00edvel.","_seopress_robots_index":"","footnotes":""},"class_list":["post-1713","page","type-page","status-publish","hentry"],"_links":{"self":[{"href":"https:\/\/www.empacklogisticsautomationporto.com\/pt-pt\/wp-json\/wp\/v2\/pages\/1713","targetHints":{"allow":["GET"]}}],"collection":[{"href":"https:\/\/www.empacklogisticsautomationporto.com\/pt-pt\/wp-json\/wp\/v2\/pages"}],"about":[{"href":"https:\/\/www.empacklogisticsautomationporto.com\/pt-pt\/wp-json\/wp\/v2\/types\/page"}],"author":[{"embeddable":true,"href":"https:\/\/www.empacklogisticsautomationporto.com\/pt-pt\/wp-json\/wp\/v2\/users\/1"}],"replies":[{"embeddable":true,"href":"https:\/\/www.empacklogisticsautomationporto.com\/pt-pt\/wp-json\/wp\/v2\/comments?post=1713"}],"version-history":[{"count":5,"href":"https:\/\/www.empacklogisticsautomationporto.com\/pt-pt\/wp-json\/wp\/v2\/pages\/1713\/revisions"}],"predecessor-version":[{"id":184235,"href":"https:\/\/www.empacklogisticsautomationporto.com\/pt-pt\/wp-json\/wp\/v2\/pages\/1713\/revisions\/184235"}],"wp:attachment":[{"href":"https:\/\/www.empacklogisticsautomationporto.com\/pt-pt\/wp-json\/wp\/v2\/media?parent=1713"}],"curies":[{"name":"wp","href":"https:\/\/api.w.org\/{rel}","templated":true}]}}