{"id":180799,"date":"2026-02-11T14:24:29","date_gmt":"2026-02-11T14:24:29","guid":{"rendered":"https:\/\/www.empacklogisticsautomationporto.com\/?page_id=180799"},"modified":"2026-02-13T07:52:42","modified_gmt":"2026-02-13T07:52:42","slug":"visita-estudantes","status":"publish","type":"page","link":"https:\/\/www.empacklogisticsautomationporto.com\/pt-pt\/visitar\/visita-estudantes\/","title":{"rendered":"Visitas de estudantes"},"content":{"rendered":"\t\t<div data-elementor-type=\"wp-page\" data-elementor-id=\"180799\" class=\"elementor elementor-180799\" data-elementor-post-type=\"page\">\n\t\t\t\t\t\t<section class=\"elementor-section elementor-top-section elementor-element elementor-element-6e2e4e7c elementor-section-full_width elementor-section-height-default elementor-section-height-default\" data-id=\"6e2e4e7c\" data-element_type=\"section\" data-settings=\"{&quot;background_background&quot;:&quot;classic&quot;}\">\n\t\t\t\t\t\t<div class=\"elementor-container elementor-column-gap-no\">\n\t\t\t\t\t<div class=\"elementor-column elementor-col-50 elementor-top-column elementor-element elementor-element-720ccfb4\" data-id=\"720ccfb4\" data-element_type=\"column\" data-settings=\"{&quot;background_background&quot;:&quot;classic&quot;}\">\n\t\t\t<div class=\"elementor-widget-wrap elementor-element-populated\">\n\t\t\t\t\t\t<div class=\"elementor-element elementor-element-6e3aa164 elementor-hidden-desktop elementor-hidden-tablet elementor-widget elementor-widget-image\" data-id=\"6e3aa164\" data-element_type=\"widget\" data-widget_type=\"image.default\">\n\t\t\t\t<div class=\"elementor-widget-container\">\n\t\t\t\t\t\t\t\t\t\t\t\t\t\t\t<img fetchpriority=\"high\" decoding=\"async\" width=\"1920\" height=\"1280\" src=\"https:\/\/easyfairsassets.com\/sites\/68\/2025\/12\/DSC06222.jpg\" class=\"attachment-full size-full wp-image-175546\" alt=\"REGISTRO PORTO 2025\" srcset=\"https:\/\/easyfairsassets.com\/sites\/68\/2025\/12\/DSC06222.jpg 1920w, https:\/\/easyfairsassets.com\/sites\/68\/2025\/12\/DSC06222-300x200.jpg 300w, https:\/\/easyfairsassets.com\/sites\/68\/2025\/12\/DSC06222-1024x683.jpg 1024w, https:\/\/easyfairsassets.com\/sites\/68\/2025\/12\/DSC06222-768x512.jpg 768w, https:\/\/easyfairsassets.com\/sites\/68\/2025\/12\/DSC06222-1536x1024.jpg 1536w\" sizes=\"(max-width: 1920px) 100vw, 1920px\" \/>\t\t\t\t\t\t\t\t\t\t\t\t\t\t\t<\/div>\n\t\t\t\t<\/div>\n\t\t\t\t\t<\/div>\n\t\t<\/div>\n\t\t\t\t<div class=\"elementor-column elementor-col-50 elementor-top-column elementor-element elementor-element-c8c6011\" data-id=\"c8c6011\" data-element_type=\"column\" data-settings=\"{&quot;background_background&quot;:&quot;classic&quot;}\">\n\t\t\t<div class=\"elementor-widget-wrap elementor-element-populated\">\n\t\t\t\t\t\t<div class=\"elementor-element elementor-element-5f042ecb elementor-invisible elementor-widget elementor-widget-heading\" data-id=\"5f042ecb\" data-element_type=\"widget\" data-settings=\"{&quot;_animation&quot;:&quot;fadeInRight&quot;}\" data-widget_type=\"heading.default\">\n\t\t\t\t<div class=\"elementor-widget-container\">\n\t\t\t\t\t<h2 class=\"elementor-heading-title elementor-size-default\">Organize a visita da sua institui\u00e7\u00e3o \u00e0 Empack e L&amp;A.\nReserve a sua visita<\/h2>\t\t\t\t<\/div>\n\t\t\t\t<\/div>\n\t\t\t\t<div class=\"elementor-element elementor-element-3662d22b elementor-widget elementor-widget-text-editor\" data-id=\"3662d22b\" data-element_type=\"widget\" data-widget_type=\"text-editor.default\">\n\t\t\t\t<div class=\"elementor-widget-container\">\n\t\t\t\t\t\t\t\t\t<p data-start=\"152\" data-end=\"464\">Os profissionais de amanh\u00e3 s\u00e3o os estudantes de hoje. Por isso, na <strong data-start=\"219\" data-end=\"254\">Empack e Logistics &amp; Automation<\/strong>, promovemos <strong data-start=\"267\" data-end=\"327\">visitas organizadas em grupo para institui\u00e7\u00f5es de ensino<\/strong>, com o objetivo de aproximar os alunos da realidade do setor e permitir-lhes explorar, aprender e tirar o m\u00e1ximo partido da experi\u00eancia.<\/p><p data-start=\"466\" data-end=\"484\">\u26a0\ufe0f <strong data-start=\"469\" data-end=\"484\">Importante:<\/strong><\/p><p data-start=\"486\" data-end=\"649\">Uma vez que se trata de um evento profissional, a <strong data-start=\"536\" data-end=\"580\">\u00fanica forma de participar como estudante<\/strong> ser\u00e1 atrav\u00e9s de uma <strong data-start=\"601\" data-end=\"648\">visita de grupo autorizada pela organiza\u00e7\u00e3o<\/strong>.<\/p><p data-start=\"651\" data-end=\"746\"><span style=\"text-decoration: underline;\">As visitas de grupos de estudantes realizadas de qualquer outra forma <strong data-start=\"721\" data-end=\"745\">n\u00e3o ser\u00e3o permitidas<\/strong>.<\/span><\/p>\t\t\t\t\t\t\t\t<\/div>\n\t\t\t\t<\/div>\n\t\t\t\t<div class=\"elementor-element elementor-element-3cb5163 elementor-align-left elementor-mobile-align-center elementor-widget elementor-widget-button\" data-id=\"3cb5163\" data-element_type=\"widget\" data-widget_type=\"button.default\">\n\t\t\t\t<div class=\"elementor-widget-container\">\n\t\t\t\t\t\t\t\t\t<div class=\"elementor-button-wrapper\">\n\t\t\t\t\t<a class=\"elementor-button elementor-button-link elementor-size-xs\" href=\"mailto:porto@easyfairs.com\" target=\"_blank\">\n\t\t\t\t\t\t<span class=\"elementor-button-content-wrapper\">\n\t\t\t\t\t\t<span class=\"elementor-button-icon\">\n\t\t\t\t\t\t\t<\/span>\n\t\t\t\t\t\t\t\t\t<span class=\"elementor-button-text\">Reserve a sua visita<\/span>\n\t\t\t\t\t<\/span>\n\t\t\t\t\t<\/a>\n\t\t\t\t<\/div>\n\t\t\t\t\t\t\t\t<\/div>\n\t\t\t\t<\/div>\n\t\t\t\t\t<\/div>\n\t\t<\/div>\n\t\t\t\t\t<\/div>\n\t\t<\/section>\n\t\t\t\t<section class=\"elementor-section elementor-top-section elementor-element elementor-element-e446547 elementor-section-full_width elementor-section-height-default elementor-section-height-default\" data-id=\"e446547\" data-element_type=\"section\" data-settings=\"{&quot;background_background&quot;:&quot;classic&quot;}\">\n\t\t\t\t\t\t\t<div class=\"elementor-background-overlay\"><\/div>\n\t\t\t\t\t\t\t<div class=\"elementor-container elementor-column-gap-default\">\n\t\t\t\t\t<div class=\"elementor-column elementor-col-100 elementor-top-column elementor-element elementor-element-463c3c8f\" data-id=\"463c3c8f\" data-element_type=\"column\">\n\t\t\t<div class=\"elementor-widget-wrap elementor-element-populated\">\n\t\t\t\t\t\t<div class=\"elementor-element elementor-element-14e04786 elementor-invisible elementor-widget elementor-widget-heading\" data-id=\"14e04786\" data-element_type=\"widget\" data-settings=\"{&quot;_animation&quot;:&quot;fadeInRight&quot;}\" data-widget_type=\"heading.default\">\n\t\t\t\t<div class=\"elementor-widget-container\">\n\t\t\t\t\t<h2 class=\"elementor-heading-title elementor-size-default\">Como solicitar uma visita em grupo?<\/h2>\t\t\t\t<\/div>\n\t\t\t\t<\/div>\n\t\t\t\t<div class=\"elementor-element elementor-element-73798d1a elementor-invisible elementor-widget elementor-widget-text-editor\" data-id=\"73798d1a\" data-element_type=\"widget\" data-settings=\"{&quot;_animation&quot;:&quot;fadeInRight&quot;}\" data-widget_type=\"text-editor.default\">\n\t\t\t\t<div class=\"elementor-widget-container\">\n\t\t\t\t\t\t\t\t\t<p data-start=\"150\" data-end=\"334\">A candidatura dever\u00e1 ser apresentada pelo\/a professor\/a respons\u00e1vel pelo grupo, atrav\u00e9s do formul\u00e1rio correspondente, disponibilizado mediante solicita\u00e7\u00e3o para <strong data-start=\"310\" data-end=\"333\"><a class=\"decorated-link cursor-pointer\" rel=\"noopener\" data-start=\"312\" data-end=\"331\">porto@easyfairs.com<\/a><\/strong>.<\/p><p data-start=\"336\" data-end=\"462\">Ap\u00f3s a rece\u00e7\u00e3o e valida\u00e7\u00e3o do pedido, entraremos em contacto com a institui\u00e7\u00e3o para fornecer todas as informa\u00e7\u00f5es necess\u00e1rias.<\/p><p data-start=\"464\" data-end=\"599\"><strong data-start=\"464\" data-end=\"492\">Admiss\u00e3o de candidaturas<\/strong><br data-start=\"492\" data-end=\"495\" \/>De <strong data-start=\"498\" data-end=\"521\">15 de fevereiro de 2026<\/strong> a <strong data-start=\"524\" data-end=\"547\">15 de abril de 2026<\/strong>.<br data-start=\"548\" data-end=\"551\" \/>N\u00e3o ser\u00e3o aceites candidaturas fora deste prazo.<\/p>\t\t\t\t\t\t\t\t<\/div>\n\t\t\t\t<\/div>\n\t\t\t\t<div class=\"elementor-element elementor-element-1052fd00 elementor-invisible elementor-widget elementor-widget-heading\" data-id=\"1052fd00\" data-element_type=\"widget\" data-settings=\"{&quot;_animation&quot;:&quot;fadeInRight&quot;}\" data-widget_type=\"heading.default\">\n\t\t\t\t<div class=\"elementor-widget-container\">\n\t\t\t\t\t<h2 class=\"elementor-heading-title elementor-size-default\">disponibilidad de Fechas y turnos para acudir<\/h2>\t\t\t\t<\/div>\n\t\t\t\t<\/div>\n\t\t\t\t<section class=\"elementor-section elementor-inner-section elementor-element elementor-element-7f7e3c9a elementor-section-boxed elementor-section-height-default elementor-section-height-default\" data-id=\"7f7e3c9a\" data-element_type=\"section\">\n\t\t\t\t\t\t<div class=\"elementor-container elementor-column-gap-default\">\n\t\t\t\t\t<div class=\"elementor-column elementor-col-100 elementor-inner-column elementor-element elementor-element-12f1bac7\" data-id=\"12f1bac7\" data-element_type=\"column\" data-settings=\"{&quot;background_background&quot;:&quot;classic&quot;}\">\n\t\t\t<div class=\"elementor-widget-wrap elementor-element-populated\">\n\t\t\t\t\t\t<div class=\"elementor-element elementor-element-11dfe1f5 elementor-widget elementor-widget-image\" data-id=\"11dfe1f5\" data-element_type=\"widget\" data-widget_type=\"image.default\">\n\t\t\t\t<div class=\"elementor-widget-container\">\n\t\t\t\t\t\t\t\t\t\t\t\t\t\t\t<img decoding=\"async\" width=\"800\" height=\"418\" src=\"https:\/\/easyfairsassets.com\/sites\/68\/2026\/02\/Modo-experto-ON-Plantilla-Jose-Luis-Morato-1024x535.png\" class=\"attachment-large size-large wp-image-180828\" alt=\"visita estudiantes\" srcset=\"https:\/\/easyfairsassets.com\/sites\/68\/2026\/02\/Modo-experto-ON-Plantilla-Jose-Luis-Morato-1024x535.png 1024w, https:\/\/easyfairsassets.com\/sites\/68\/2026\/02\/Modo-experto-ON-Plantilla-Jose-Luis-Morato-300x157.png 300w, https:\/\/easyfairsassets.com\/sites\/68\/2026\/02\/Modo-experto-ON-Plantilla-Jose-Luis-Morato-768x401.png 768w, https:\/\/easyfairsassets.com\/sites\/68\/2026\/02\/Modo-experto-ON-Plantilla-Jose-Luis-Morato.png 1200w\" sizes=\"(max-width: 800px) 100vw, 800px\" \/>\t\t\t\t\t\t\t\t\t\t\t\t\t\t\t<\/div>\n\t\t\t\t<\/div>\n\t\t\t\t<div class=\"elementor-element elementor-element-2f2d4562 elementor-widget elementor-widget-text-editor\" data-id=\"2f2d4562\" data-element_type=\"widget\" data-widget_type=\"text-editor.default\">\n\t\t\t\t<div class=\"elementor-widget-container\">\n\t\t\t\t\t\t\t\t\t<p>As visitas de estudantes devem ser realizadas em grupos com um m\u00e1ximo de <strong data-start=\"136\" data-end=\"150\">15 pessoas<\/strong>, acompanhadas por um tutor.<\/p>\t\t\t\t\t\t\t\t<\/div>\n\t\t\t\t<\/div>\n\t\t\t\t<div class=\"elementor-element elementor-element-7b47ecc0 elementor-icon-list--layout-traditional elementor-list-item-link-full_width elementor-widget elementor-widget-icon-list\" data-id=\"7b47ecc0\" data-element_type=\"widget\" data-widget_type=\"icon-list.default\">\n\t\t\t\t<div class=\"elementor-widget-container\">\n\t\t\t\t\t\t\t<ul class=\"elementor-icon-list-items\">\n\t\t\t\t\t\t\t<li class=\"elementor-icon-list-item\">\n\t\t\t\t\t\t\t\t\t\t\t<span class=\"elementor-icon-list-icon\">\n\t\t\t\t\t\t\t<i aria-hidden=\"true\" class=\"far fa-check-circle\"><\/i>\t\t\t\t\t\t<\/span>\n\t\t\t\t\t\t\t\t\t\t<span class=\"elementor-icon-list-text\">A dura\u00e7\u00e3o da visita \u00e9 de 1 hora.<\/span>\n\t\t\t\t\t\t\t\t\t<\/li>\n\t\t\t\t\t\t\t\t<li class=\"elementor-icon-list-item\">\n\t\t\t\t\t\t\t\t\t\t\t<span class=\"elementor-icon-list-icon\">\n\t\t\t\t\t\t\t<i aria-hidden=\"true\" class=\"far fa-check-circle\"><\/i>\t\t\t\t\t\t<\/span>\n\t\t\t\t\t\t\t\t\t\t<span class=\"elementor-icon-list-text\">A visita ser\u00e1 realizada sob a supervis\u00e3o dos professores, que ser\u00e3o respons\u00e1veis por todos os elementos do grupo que acompanham e pelo cumprimento das normas estabelecidas pela Empack e Logistics &amp; Automation.<\/span>\n\t\t\t\t\t\t\t\t\t<\/li>\n\t\t\t\t\t\t\t\t<li class=\"elementor-icon-list-item\">\n\t\t\t\t\t\t\t\t\t\t\t<span class=\"elementor-icon-list-icon\">\n\t\t\t\t\t\t\t<i aria-hidden=\"true\" class=\"far fa-check-circle\"><\/i>\t\t\t\t\t\t<\/span>\n\t\t\t\t\t\t\t\t\t\t<span class=\"elementor-icon-list-text\">A visita deve ser realizada de forma coletiva e os estudantes dever\u00e3o permanecer acompanhados pelos seus professores durante toda a visita.<\/span>\n\t\t\t\t\t\t\t\t\t<\/li>\n\t\t\t\t\t\t\t\t<li class=\"elementor-icon-list-item\">\n\t\t\t\t\t\t\t\t\t\t\t<span class=\"elementor-icon-list-icon\">\n\t\t\t\t\t\t\t<i aria-hidden=\"true\" class=\"far fa-check-circle\"><\/i>\t\t\t\t\t\t<\/span>\n\t\t\t\t\t\t\t\t\t\t<span class=\"elementor-icon-list-text\">O passe de acesso dos estudantes ser\u00e1 v\u00e1lido apenas para o dia e o turno autorizados.<\/span>\n\t\t\t\t\t\t\t\t\t<\/li>\n\t\t\t\t\t\t\t\t<li class=\"elementor-icon-list-item\">\n\t\t\t\t\t\t\t\t\t\t\t<span class=\"elementor-icon-list-icon\">\n\t\t\t\t\t\t\t<i aria-hidden=\"true\" class=\"far fa-check-circle\"><\/i>\t\t\t\t\t\t<\/span>\n\t\t\t\t\t\t\t\t\t\t<span class=\"elementor-icon-list-text\">Todo o sal\u00e3o est\u00e1 organizado por profissionais das suas \u00e1reas. Respeite o trabalho deles durante a visita e aproveite a experi\u00eancia.<\/span>\n\t\t\t\t\t\t\t\t\t<\/li>\n\t\t\t\t\t\t<\/ul>\n\t\t\t\t\t\t<\/div>\n\t\t\t\t<\/div>\n\t\t\t\t\t<\/div>\n\t\t<\/div>\n\t\t\t\t\t<\/div>\n\t\t<\/section>\n\t\t\t\t\t<\/div>\n\t\t<\/div>\n\t\t\t\t\t<\/div>\n\t\t<\/section>\n\t\t\t\t<section class=\"elementor-section elementor-top-section elementor-element elementor-element-4c5f62ae elementor-section-full_width elementor-hidden-desktop elementor-hidden-tablet elementor-hidden-mobile elementor-section-height-default elementor-section-height-default\" data-id=\"4c5f62ae\" data-element_type=\"section\" data-settings=\"{&quot;background_background&quot;:&quot;classic&quot;}\">\n\t\t\t\t\t\t\t<div class=\"elementor-background-overlay\"><\/div>\n\t\t\t\t\t\t\t<div class=\"elementor-container elementor-column-gap-default\">\n\t\t\t\t\t<div class=\"elementor-column elementor-col-50 elementor-top-column elementor-element elementor-element-5e403cd\" data-id=\"5e403cd\" data-element_type=\"column\">\n\t\t\t<div class=\"elementor-widget-wrap\">\n\t\t\t\t\t\t\t<\/div>\n\t\t<\/div>\n\t\t\t\t<div class=\"elementor-column elementor-col-50 elementor-top-column elementor-element elementor-element-109ca368\" data-id=\"109ca368\" data-element_type=\"column\">\n\t\t\t<div class=\"elementor-widget-wrap elementor-element-populated\">\n\t\t\t\t\t\t<div class=\"elementor-element elementor-element-b4cddc7 elementor-invisible elementor-widget elementor-widget-heading\" data-id=\"b4cddc7\" data-element_type=\"widget\" data-settings=\"{&quot;_animation&quot;:&quot;fadeInRight&quot;}\" data-widget_type=\"heading.default\">\n\t\t\t\t<div class=\"elementor-widget-container\">\n\t\t\t\t\t<h1 class=\"elementor-heading-title elementor-size-default\">Empack e Logistics &amp; Automation Porto\u200b<\/h1>\t\t\t\t<\/div>\n\t\t\t\t<\/div>\n\t\t\t\t<div class=\"elementor-element elementor-element-689adcc1 elementor-widget elementor-widget-text-editor\" data-id=\"689adcc1\" data-element_type=\"widget\" data-widget_type=\"text-editor.default\">\n\t\t\t\t<div class=\"elementor-widget-container\">\n\t\t\t\t\t\t\t\t\t<p>Subscreva a nossa newsletter para n\u00e3o perder nenhuma novidade sobre a pr\u00f3xima edi\u00e7\u00e3o da feira: desde a abertura do registo, aos oradores confirmados nas confer\u00eancias e muito mais.<\/p><p>Guarde a data: 22 &amp; 23 de abril na Exponor<\/p>\t\t\t\t\t\t\t\t<\/div>\n\t\t\t\t<\/div>\n\t\t\t\t<div class=\"elementor-element elementor-element-1e98e45 elementor-align-center elementor-tablet-align-left elementor-mobile-align-center elementor-widget elementor-widget-dynamic-button\" data-id=\"1e98e45\" data-element_type=\"widget\" data-widget_type=\"dynamic-button.default\">\n\t\t\t\t<div class=\"elementor-widget-container\">\n\t\t\t\t\t        <div class=\"elementor-button-wrapper\">\n            <a href=\"https:\/\/www.empacklogisticsautomationporto.com\/pt-pt\/meios-de-comunicacao\/subscrever\/\" target=\"_blank\" class=\"elementor-button-link elementor-button elementor-size-xs\" role=\"button\">\n                        <span class=\"elementor-button-content-wrapper\">\n\t\t\t\t\t\t<span class=\"elementor-button-text\">Subscreva a newsletter<\/span>\n\t\t<\/span>\n                    <\/a>\n        <\/div>\n        \t\t\t\t<\/div>\n\t\t\t\t<\/div>\n\t\t\t\t\t<\/div>\n\t\t<\/div>\n\t\t\t\t\t<\/div>\n\t\t<\/section>\n\t\t\t\t<section class=\"elementor-section elementor-top-section elementor-element elementor-element-a653caa elementor-section-boxed elementor-section-height-default elementor-section-height-default\" data-id=\"a653caa\" data-element_type=\"section\" data-settings=\"{&quot;background_background&quot;:&quot;classic&quot;}\">\n\t\t\t\t\t\t<div class=\"elementor-container elementor-column-gap-no\">\n\t\t\t\t\t<div class=\"elementor-column elementor-col-100 elementor-top-column elementor-element elementor-element-d68eb7e\" data-id=\"d68eb7e\" data-element_type=\"column\">\n\t\t\t<div class=\"elementor-widget-wrap elementor-element-populated\">\n\t\t\t\t\t\t<div class=\"elementor-element elementor-element-f142070 elementor-invisible elementor-widget elementor-widget-heading\" data-id=\"f142070\" data-element_type=\"widget\" data-settings=\"{&quot;_animation&quot;:&quot;fadeInUp&quot;}\" data-widget_type=\"heading.default\">\n\t\t\t\t<div class=\"elementor-widget-container\">\n\t\t\t\t\t<h2 class=\"elementor-heading-title elementor-size-default\">C\u00f3digo de vestu\u00e1rio e admiss\u00e3o<\/h2>\t\t\t\t<\/div>\n\t\t\t\t<\/div>\n\t\t\t\t<div class=\"elementor-element elementor-element-311a7a2 elementor-widget elementor-widget-text-editor\" data-id=\"311a7a2\" data-element_type=\"widget\" data-widget_type=\"text-editor.default\">\n\t\t\t\t<div class=\"elementor-widget-container\">\n\t\t\t\t\t\t\t\t\t<p data-start=\"156\" data-end=\"357\">Uma vez que se trata de um ambiente profissional, o c\u00f3digo de vestu\u00e1rio dever\u00e1 ser adequado \u00e0 ocasi\u00e3o.<br data-start=\"258\" data-end=\"261\" \/>A organiza\u00e7\u00e3o reserva-se o <strong>direito de admiss\u00e3o<\/strong> caso as normas estabelecidas n\u00e3o sejam cumpridas.<\/p><p data-start=\"359\" data-end=\"656\">Estas visitas foram pensadas para que os alunos conhe\u00e7am o setor em primeira m\u00e3o, descubram tend\u00eancias, interajam com empresas e se preparem para o seu futuro profissional num ambiente real e especializado. Por isso, agradecemos uma atitude respeitosa e adequada ao car\u00e1ter profissional do evento.<\/p><p data-start=\"658\" data-end=\"772\">Para qualquer d\u00favida ou quest\u00e3o relacionada com este tema, pode escrever diretamente para <strong data-start=\"748\" data-end=\"771\"><a class=\"decorated-link cursor-pointer\" rel=\"noopener\" data-start=\"750\" data-end=\"769\">porto@easyfairs.com<\/a><\/strong><\/p>\t\t\t\t\t\t\t\t<\/div>\n\t\t\t\t<\/div>\n\t\t\t\t<div class=\"elementor-element elementor-element-bfc1caf elementor-align-left elementor-mobile-align-center elementor-widget elementor-widget-button\" data-id=\"bfc1caf\" data-element_type=\"widget\" data-widget_type=\"button.default\">\n\t\t\t\t<div class=\"elementor-widget-container\">\n\t\t\t\t\t\t\t\t\t<div class=\"elementor-button-wrapper\">\n\t\t\t\t\t<a class=\"elementor-button elementor-button-link elementor-size-xs\" href=\"mailto:porto@easyfairs.com\" target=\"_blank\">\n\t\t\t\t\t\t<span class=\"elementor-button-content-wrapper\">\n\t\t\t\t\t\t<span class=\"elementor-button-icon\">\n\t\t\t\t\t\t\t<\/span>\n\t\t\t\t\t\t\t\t\t<span class=\"elementor-button-text\">Reserve a sua visita<\/span>\n\t\t\t\t\t<\/span>\n\t\t\t\t\t<\/a>\n\t\t\t\t<\/div>\n\t\t\t\t\t\t\t\t<\/div>\n\t\t\t\t<\/div>\n\t\t\t\t\t<\/div>\n\t\t<\/div>\n\t\t\t\t\t<\/div>\n\t\t<\/section>\n\t\t\t\t<\/div>\n\t\t","protected":false},"excerpt":{"rendered":"<p>Organize a visita da sua institui\u00e7\u00e3o \u00e0 Empack e L&amp;A. Reserve a sua visita Os profissionais de amanh\u00e3 s\u00e3o os estudantes de hoje. Por isso, na Empack e Logistics &amp; Automation, promovemos visitas organizadas em grupo para institui\u00e7\u00f5es de ensino, com o objetivo de aproximar os alunos da realidade do setor e permitir-lhes explorar, aprender [&hellip;]<\/p>\n","protected":false},"author":135,"featured_media":0,"parent":1740,"menu_order":0,"comment_status":"closed","ping_status":"closed","template":"","meta":{"_seopress_robots_primary_cat":"","_seopress_titles_title":"Visitas de estudantes | Empack and Logistics & Automation Porto","_seopress_titles_desc":"Se deseja fazer parte do futuro das solu\u00e7\u00f5es de embalagem e acondicionamento, siga os passos e visite-nos.","_seopress_robots_index":"","footnotes":""},"class_list":["post-180799","page","type-page","status-publish","hentry"],"_links":{"self":[{"href":"https:\/\/www.empacklogisticsautomationporto.com\/pt-pt\/wp-json\/wp\/v2\/pages\/180799","targetHints":{"allow":["GET"]}}],"collection":[{"href":"https:\/\/www.empacklogisticsautomationporto.com\/pt-pt\/wp-json\/wp\/v2\/pages"}],"about":[{"href":"https:\/\/www.empacklogisticsautomationporto.com\/pt-pt\/wp-json\/wp\/v2\/types\/page"}],"author":[{"embeddable":true,"href":"https:\/\/www.empacklogisticsautomationporto.com\/pt-pt\/wp-json\/wp\/v2\/users\/135"}],"replies":[{"embeddable":true,"href":"https:\/\/www.empacklogisticsautomationporto.com\/pt-pt\/wp-json\/wp\/v2\/comments?post=180799"}],"version-history":[{"count":5,"href":"https:\/\/www.empacklogisticsautomationporto.com\/pt-pt\/wp-json\/wp\/v2\/pages\/180799\/revisions"}],"predecessor-version":[{"id":181025,"href":"https:\/\/www.empacklogisticsautomationporto.com\/pt-pt\/wp-json\/wp\/v2\/pages\/180799\/revisions\/181025"}],"up":[{"embeddable":true,"href":"https:\/\/www.empacklogisticsautomationporto.com\/pt-pt\/wp-json\/wp\/v2\/pages\/1740"}],"wp:attachment":[{"href":"https:\/\/www.empacklogisticsautomationporto.com\/pt-pt\/wp-json\/wp\/v2\/media?parent=180799"}],"curies":[{"name":"wp","href":"https:\/\/api.w.org\/{rel}","templated":true}]}}