{"id":1883,"date":"2019-10-03T14:29:54","date_gmt":"2019-10-03T13:29:54","guid":{"rendered":"https:\/\/www.empacklogisticsautomationporto.com\/?page_id=1883"},"modified":"2026-02-13T11:47:03","modified_gmt":"2026-02-13T11:47:03","slug":"registe-o-seu-interesse","status":"publish","type":"page","link":"https:\/\/www.empacklogisticsautomationporto.com\/pt-pt\/visitar\/registe-o-seu-interesse\/","title":{"rendered":"Interessado em visitar"},"content":{"rendered":"\t\t<div data-elementor-type=\"wp-post\" data-elementor-id=\"1883\" class=\"elementor elementor-1883\" data-elementor-post-type=\"page\">\n\t\t\t\t\t\t<section class=\"elementor-section elementor-top-section elementor-element elementor-element-28ef85d elementor-section-full_width elementor-section-height-default elementor-section-height-default\" data-id=\"28ef85d\" data-element_type=\"section\">\n\t\t\t\t\t\t\t<div class=\"elementor-background-overlay\"><\/div>\n\t\t\t\t\t\t\t<div class=\"elementor-container elementor-column-gap-default\">\n\t\t\t\t\t<div class=\"elementor-column elementor-col-50 elementor-top-column elementor-element elementor-element-2d844a5\" data-id=\"2d844a5\" data-element_type=\"column\">\n\t\t\t<div class=\"elementor-widget-wrap elementor-element-populated\">\n\t\t\t\t\t\t<div class=\"elementor-element elementor-element-4e6971a elementor-invisible elementor-widget elementor-widget-heading\" data-id=\"4e6971a\" data-element_type=\"widget\" data-settings=\"{&quot;_animation&quot;:&quot;fadeInRight&quot;}\" data-widget_type=\"heading.default\">\n\t\t\t\t<div class=\"elementor-widget-container\">\n\t\t\t\t\t<h1 class=\"elementor-heading-title elementor-size-default\">As inscri\u00e7\u00f5es para Empack and Logistics &amp; Automation Porto abrem brevemente!<\/h1>\t\t\t\t<\/div>\n\t\t\t\t<\/div>\n\t\t\t\t<div class=\"elementor-element elementor-element-e335577 elementor-widget elementor-widget-text-editor\" data-id=\"e335577\" data-element_type=\"widget\" data-widget_type=\"text-editor.default\">\n\t\t\t\t<div class=\"elementor-widget-container\">\n\t\t\t\t\t\t\t\t\t<p>Preencha os seus dados para receber as nossas comunica\u00e7\u00f5es via e-mail e mantenha-se informado.<br \/>N\u00f3s avisamos cuando quando abrirmos a inscri\u00e7\u00e3o para que possa participar gratuitamente na Empack and Logistics &amp; Automation Porto.<\/p>\t\t\t\t\t\t\t\t<\/div>\n\t\t\t\t<\/div>\n\t\t\t\t\t<\/div>\n\t\t<\/div>\n\t\t\t\t<div class=\"elementor-column elementor-col-50 elementor-top-column elementor-element elementor-element-7c54708\" data-id=\"7c54708\" data-element_type=\"column\">\n\t\t\t<div class=\"elementor-widget-wrap elementor-element-populated\">\n\t\t\t\t\t\t<div class=\"elementor-element elementor-element-62e98572 elementor-button-align-stretch elementor-widget elementor-widget-form\" data-id=\"62e98572\" data-element_type=\"widget\" data-settings=\"{&quot;step_next_label&quot;:&quot;Next&quot;,&quot;step_previous_label&quot;:&quot;Previous&quot;,&quot;button_width&quot;:&quot;100&quot;,&quot;step_type&quot;:&quot;number_text&quot;,&quot;step_icon_shape&quot;:&quot;circle&quot;}\" data-widget_type=\"form.default\">\n\t\t\t\t<div class=\"elementor-widget-container\">\n\t\t\t\t\t\t\t<form class=\"elementor-form\" method=\"post\" name=\"Register your interest\" aria-label=\"Register your interest\">\n\t\t\t<input type=\"hidden\" name=\"post_id\" value=\"1883\"\/>\n\t\t\t<input type=\"hidden\" name=\"form_id\" value=\"62e98572\"\/>\n\t\t\t<input type=\"hidden\" name=\"referer_title\" value=\"\" \/>\n\n\t\t\t\n\t\t\t<div class=\"elementor-form-fields-wrapper elementor-labels-above\">\n\t\t\t\t\t\t\t\t<div class=\"elementor-field-type-text elementor-field-group elementor-column elementor-field-group-FirstName elementor-col-100 elementor-field-required elementor-mark-required\">\n\t\t\t\t\t\t\t\t\t\t\t\t<label for=\"form-field-FirstName\" class=\"elementor-field-label\">\n\t\t\t\t\t\t\t\tNome\t\t\t\t\t\t\t<\/label>\n\t\t\t\t\t\t\t\t\t\t\t\t\t\t<input size=\"1\" type=\"text\" name=\"form_fields[FirstName]\" id=\"form-field-FirstName\" class=\"elementor-field elementor-size-sm  elementor-field-textual\" required=\"required\">\n\t\t\t\t\t\t\t\t\t\t\t<\/div>\n\t\t\t\t\t\t\t\t<div class=\"elementor-field-type-text elementor-field-group elementor-column elementor-field-group-LastName elementor-col-100 elementor-field-required elementor-mark-required\">\n\t\t\t\t\t\t\t\t\t\t\t\t<label for=\"form-field-LastName\" class=\"elementor-field-label\">\n\t\t\t\t\t\t\t\tApelido\t\t\t\t\t\t\t<\/label>\n\t\t\t\t\t\t\t\t\t\t\t\t\t\t<input size=\"1\" type=\"text\" name=\"form_fields[LastName]\" id=\"form-field-LastName\" class=\"elementor-field elementor-size-sm  elementor-field-textual\" required=\"required\">\n\t\t\t\t\t\t\t\t\t\t\t<\/div>\n\t\t\t\t\t\t\t\t<div class=\"elementor-field-type-email elementor-field-group elementor-column elementor-field-group-Email elementor-col-100 elementor-field-required elementor-mark-required\">\n\t\t\t\t\t\t\t\t\t\t\t\t<label for=\"form-field-Email\" class=\"elementor-field-label\">\n\t\t\t\t\t\t\t\tEmail\t\t\t\t\t\t\t<\/label>\n\t\t\t\t\t\t\t\t\t\t\t\t\t\t<input size=\"1\" type=\"email\" name=\"form_fields[Email]\" id=\"form-field-Email\" class=\"elementor-field elementor-size-sm  elementor-field-textual\" placeholder=\"Email\" required=\"required\">\n\t\t\t\t\t\t\t\t\t\t\t<\/div>\n\t\t\t\t\t\t\t\t<div class=\"elementor-field-type-text elementor-field-group elementor-column elementor-field-group-CompanyName elementor-col-100 elementor-field-required elementor-mark-required\">\n\t\t\t\t\t\t\t\t\t\t\t\t<label for=\"form-field-CompanyName\" class=\"elementor-field-label\">\n\t\t\t\t\t\t\t\tNome da empresa\t\t\t\t\t\t\t<\/label>\n\t\t\t\t\t\t\t\t\t\t\t\t\t\t<input size=\"1\" type=\"text\" name=\"form_fields[CompanyName]\" id=\"form-field-CompanyName\" class=\"elementor-field elementor-size-sm  elementor-field-textual\" required=\"required\">\n\t\t\t\t\t\t\t\t\t\t\t<\/div>\n\t\t\t\t\t\t\t\t<div class=\"elementor-field-type-radio elementor-field-group elementor-column elementor-field-group-Event elementor-col-100 elementor-field-required elementor-mark-required\">\n\t\t\t\t\t\t\t\t\t\t\t\t<label for=\"form-field-Event\" class=\"elementor-field-label\">\n\t\t\t\t\t\t\t\t Eu quero ouvir sobre esses eventos\t\t\t\t\t\t\t<\/label>\n\t\t\t\t\t\t<div class=\"elementor-field-subgroup  elementor-subgroup-inline\"><span class=\"elementor-field-option\"><input type=\"radio\" value=\"EMPACK\" id=\"form-field-Event-0\" name=\"form_fields[Event]\" required=\"required\"> <label for=\"form-field-Event-0\">Empack Porto<\/label><\/span><span class=\"elementor-field-option\"><input type=\"radio\" value=\"LOGISTICS\" id=\"form-field-Event-1\" name=\"form_fields[Event]\" required=\"required\"> <label for=\"form-field-Event-1\">Logistics Porto<\/label><\/span><\/div>\t\t\t\t<\/div>\n\t\t\t\t\t\t\t\t<div class=\"elementor-field-type-radio elementor-field-group elementor-column elementor-field-group-Interest elementor-col-100 elementor-field-required elementor-mark-required\">\n\t\t\t\t\t\t\t\t\t\t\t\t<label for=\"form-field-Interest\" class=\"elementor-field-label\">\n\t\t\t\t\t\t\t\tEstou interessado\t\t\t\t\t\t\t<\/label>\n\t\t\t\t\t\t<div class=\"elementor-field-subgroup  elementor-subgroup-inline\"><span class=\"elementor-field-option\"><input type=\"radio\" value=\"Food &amp; Drink\" id=\"form-field-Interest-0\" name=\"form_fields[Interest]\" required=\"required\"> <label for=\"form-field-Interest-0\">Bebidas Alimentos<\/label><\/span><span class=\"elementor-field-option\"><input type=\"radio\" value=\"Beauty &amp; Pharma\" id=\"form-field-Interest-1\" name=\"form_fields[Interest]\" required=\"required\"> <label for=\"form-field-Interest-1\">Beauty &amp; Pharma<\/label><\/span><span class=\"elementor-field-option\"><input type=\"radio\" value=\"Chemicals\" id=\"form-field-Interest-2\" name=\"form_fields[Interest]\" required=\"required\"> <label for=\"form-field-Interest-2\">Produtos qu\u00edmicos<\/label><\/span><span class=\"elementor-field-option\"><input type=\"radio\" value=\"Retail &amp; E-commerce\" id=\"form-field-Interest-3\" name=\"form_fields[Interest]\" required=\"required\"> <label for=\"form-field-Interest-3\">Retail &amp; E-commerce<\/label><\/span><span class=\"elementor-field-option\"><input type=\"radio\" value=\"Automotive\" id=\"form-field-Interest-4\" name=\"form_fields[Interest]\" required=\"required\"> <label for=\"form-field-Interest-4\">Automotivo<\/label><\/span><span class=\"elementor-field-option\"><input type=\"radio\" value=\"Ecopackaging\" id=\"form-field-Interest-5\" name=\"form_fields[Interest]\" required=\"required\"> <label for=\"form-field-Interest-5\">Ecopackaging<\/label><\/span><span class=\"elementor-field-option\"><input type=\"radio\" value=\"Textile &amp; clothing\" id=\"form-field-Interest-6\" name=\"form_fields[Interest]\" required=\"required\"> <label for=\"form-field-Interest-6\"> T\u00eaxteis e vestu\u00e1rio<\/label><\/span><\/div>\t\t\t\t<\/div>\n\t\t\t\t\t\t\t\t<div class=\"elementor-field-type-radio elementor-field-group elementor-column elementor-field-group-LanguageCode elementor-col-100 elementor-field-required elementor-mark-required\">\n\t\t\t\t\t\t\t\t\t\t\t\t<label for=\"form-field-LanguageCode\" class=\"elementor-field-label\">\n\t\t\t\t\t\t\t\tPrefer\u00eancia de idioma\t\t\t\t\t\t\t<\/label>\n\t\t\t\t\t\t<div class=\"elementor-field-subgroup  \"><span class=\"elementor-field-option\"><input type=\"radio\" value=\"PT\" id=\"form-field-LanguageCode-0\" name=\"form_fields[LanguageCode]\" required=\"required\"> <label for=\"form-field-LanguageCode-0\">Portugu\u00eas<\/label><\/span><span class=\"elementor-field-option\"><input type=\"radio\" value=\"ES\" id=\"form-field-LanguageCode-1\" name=\"form_fields[LanguageCode]\" checked=\"checked\" required=\"required\"> <label for=\"form-field-LanguageCode-1\">Espanhol<\/label><\/span><span class=\"elementor-field-option\"><input type=\"radio\" value=\"EN\" id=\"form-field-LanguageCode-2\" name=\"form_fields[LanguageCode]\" required=\"required\"> <label for=\"form-field-LanguageCode-2\">Ingl\u00eas<\/label><\/span><\/div>\t\t\t\t<\/div>\n\t\t\t\t\t\t\t\t<div class=\"elementor-field-type-acceptance elementor-field-group elementor-column elementor-field-group-Optin elementor-col-100 elementor-field-required elementor-mark-required\">\n\t\t\t\t\t\t\t<div class=\"elementor-field-subgroup\">\n\t\t\t<span class=\"elementor-field-option\">\n\t\t\t\t<input type=\"checkbox\" name=\"form_fields[Optin]\" id=\"form-field-Optin\" class=\"elementor-field elementor-size-sm  elementor-acceptance-field\" required=\"required\">\n\t\t\t\t<label for=\"form-field-Optin\">Aceito os <a href=\"https:\/\/www.easyfairs.com\/general-terms-conditions\/#visitor\" target=\"_blank\">termos e condi\u00e7\u00f5es gerais <\/a><\/label>\t\t\t<\/span>\n\t\t<\/div>\n\t\t\t\t\t\t<\/div>\n\t\t\t\t\t\t\t\t<div class=\"elementor-field-type-html elementor-field-group elementor-column elementor-field-group-field_3ad1ff7 elementor-col-100\">\n\t\t\t\t\tNa Easyfairs, temos em conta a sua privacidade seriamente e s\u00f3 usaremos as informa\u00e7\u00f5es que recolhemos ou recebemos sobre si de acordo com a nossa <a href=\"https:\/\/www.easyfairs.com\/privacy-policy\/\" target=\"_blank\">pol\u00edtica de privacidade<\/a>. Se mudar de ideias, pode cancelar a subscri\u00e7\u00e3o a qualquer momento atrav\u00e9s do link de cancelamento na parte inferior de nossos e-mails.\t\t\t\t<\/div>\n\t\t\t\t\t\t\t\t<div class=\"elementor-field-type-recaptcha_v3 elementor-field-group elementor-column elementor-field-group-field_75834f3 elementor-col-100 recaptcha_v3-inline\">\n\t\t\t\t\t<div class=\"elementor-field\" id=\"form-field-field_75834f3\"><div class=\"elementor-g-recaptcha\" data-sitekey=\"6LcbhJ0cAAAAAO1GKHg9EM4YnRIQrIKP4jk6a2z9\" data-type=\"v3\" data-action=\"Form\" data-badge=\"inline\" data-size=\"invisible\"><\/div><\/div>\t\t\t\t<\/div>\n\t\t\t\t\t\t\t\t<div class=\"elementor-field-group elementor-column elementor-field-type-submit elementor-col-100 e-form__buttons\">\n\t\t\t\t\t<button class=\"elementor-button elementor-size-sm\" type=\"submit\">\n\t\t\t\t\t\t<span class=\"elementor-button-content-wrapper\">\n\t\t\t\t\t\t\t\t\t\t\t\t\t\t\t\t\t\t\t\t\t\t<span class=\"elementor-button-text\">Inscrever<\/span>\n\t\t\t\t\t\t\t\t\t\t\t\t\t<\/span>\n\t\t\t\t\t<\/button>\n\t\t\t\t<\/div>\n\t\t\t<\/div>\n\t\t<\/form>\n\t\t\t\t\t\t<\/div>\n\t\t\t\t<\/div>\n\t\t\t\t\t<\/div>\n\t\t<\/div>\n\t\t\t\t\t<\/div>\n\t\t<\/section>\n\t\t\t\t<\/div>\n\t\t","protected":false},"excerpt":{"rendered":"<p>As inscri\u00e7\u00f5es para Empack and Logistics &amp; Automation Porto abrem brevemente! Preencha os seus dados para receber as nossas comunica\u00e7\u00f5es via e-mail e mantenha-se informado.N\u00f3s avisamos cuando quando abrirmos a inscri\u00e7\u00e3o para que possa participar gratuitamente na Empack and Logistics &amp; Automation Porto.<\/p>\n","protected":false},"author":1,"featured_media":0,"parent":1740,"menu_order":400,"comment_status":"closed","ping_status":"closed","template":"","meta":{"_seopress_robots_primary_cat":"","_seopress_titles_title":"Registe o seu interesse | Empack e Logistics & Automation","_seopress_titles_desc":"Avisamos quando abrirmos a inscri\u00e7\u00e3o para que possa participar gratuitamente.","_seopress_robots_index":"","footnotes":""},"class_list":["post-1883","page","type-page","status-publish","hentry"],"_links":{"self":[{"href":"https:\/\/www.empacklogisticsautomationporto.com\/pt-pt\/wp-json\/wp\/v2\/pages\/1883","targetHints":{"allow":["GET"]}}],"collection":[{"href":"https:\/\/www.empacklogisticsautomationporto.com\/pt-pt\/wp-json\/wp\/v2\/pages"}],"about":[{"href":"https:\/\/www.empacklogisticsautomationporto.com\/pt-pt\/wp-json\/wp\/v2\/types\/page"}],"author":[{"embeddable":true,"href":"https:\/\/www.empacklogisticsautomationporto.com\/pt-pt\/wp-json\/wp\/v2\/users\/1"}],"replies":[{"embeddable":true,"href":"https:\/\/www.empacklogisticsautomationporto.com\/pt-pt\/wp-json\/wp\/v2\/comments?post=1883"}],"version-history":[{"count":5,"href":"https:\/\/www.empacklogisticsautomationporto.com\/pt-pt\/wp-json\/wp\/v2\/pages\/1883\/revisions"}],"predecessor-version":[{"id":181060,"href":"https:\/\/www.empacklogisticsautomationporto.com\/pt-pt\/wp-json\/wp\/v2\/pages\/1883\/revisions\/181060"}],"up":[{"embeddable":true,"href":"https:\/\/www.empacklogisticsautomationporto.com\/pt-pt\/wp-json\/wp\/v2\/pages\/1740"}],"wp:attachment":[{"href":"https:\/\/www.empacklogisticsautomationporto.com\/pt-pt\/wp-json\/wp\/v2\/media?parent=1883"}],"curies":[{"name":"wp","href":"https:\/\/api.w.org\/{rel}","templated":true}]}}