{"id":5138,"date":"2020-02-06T16:22:11","date_gmt":"2020-02-06T16:22:11","guid":{"rendered":"https:\/\/www.empacklogisticsautomationporto.com\/?page_id=5138"},"modified":"2025-12-29T13:12:42","modified_gmt":"2025-12-29T13:12:42","slug":"politica-de-cookies","status":"publish","type":"page","link":"https:\/\/www.empacklogisticsautomationporto.com\/pt-pt\/sobre-nos\/politica-de-cookies\/","title":{"rendered":"Pol\u00edtica de Cookies"},"content":{"rendered":"\t\t<div data-elementor-type=\"wp-page\" data-elementor-id=\"5138\" class=\"elementor elementor-5138\" data-elementor-post-type=\"page\">\n\t\t\t\t\t\t<section class=\"elementor-section elementor-top-section elementor-element elementor-element-704f6e93 elementor-section-full_width elementor-section-height-default elementor-section-height-default\" data-id=\"704f6e93\" data-element_type=\"section\">\n\t\t\t\t\t\t<div class=\"elementor-container elementor-column-gap-no\">\n\t\t\t\t\t<div class=\"elementor-column elementor-col-100 elementor-top-column elementor-element elementor-element-51854091\" data-id=\"51854091\" data-element_type=\"column\">\n\t\t\t<div class=\"elementor-widget-wrap elementor-element-populated\">\n\t\t\t\t\t\t<div class=\"elementor-element elementor-element-426ba6f elementor-invisible elementor-widget elementor-widget-heading\" data-id=\"426ba6f\" data-element_type=\"widget\" data-settings=\"{&quot;_animation&quot;:&quot;fadeInRight&quot;}\" data-widget_type=\"heading.default\">\n\t\t\t\t<div class=\"elementor-widget-container\">\n\t\t\t\t\t<h1 class=\"elementor-heading-title elementor-size-default\">Este site usa cookies<\/h1>\t\t\t\t<\/div>\n\t\t\t\t<\/div>\n\t\t\t\t<div class=\"elementor-element elementor-element-53ec9e01 elementor-widget elementor-widget-text-editor\" data-id=\"53ec9e01\" data-element_type=\"widget\" data-widget_type=\"text-editor.default\">\n\t\t\t\t<div class=\"elementor-widget-container\">\n\t\t\t\t\t\t\t\t\t<p>Estes s\u00e3o pequenos arquivos de texto gerados no seu computador para ajudar o site a proporcionar uma melhor experi\u00eancia ao usu\u00e1rio. Os cookies s\u00e3o usados \u200b\u200bpara melhorar a sua experi\u00eancia de navega\u00e7\u00e3o no site, mantendo as prefer\u00eancias do usu\u00e1rio, fornecendo publicidade relevante e fornecendo dados de rastreamento an\u00f3nimos para aplicativos de terceiros como o Google Analytics. Se preferir, pode desativar os cookies no seu navegador. Sugerimos consultar a se\u00e7\u00e3o \u2018Ajuda\u2019 do seu navegador ou consultar no site \u2018Sobre cookies\u2019, que oferece orienta\u00e7\u00e3o para todos os navegadores modernos.<\/p><p>Para informa\u00e7\u00f5es mais detalhadas sobre a forma como recolhemos e utilizamos cookies, consulte a nossa <a href=\"https:\/\/www.easyfairs.com\/privacy-policy\/\" target=\"_blank\" rel=\"noopener\">pol\u00edtica de privacidade<\/a>.<\/p><p><strong>Google Analytics<br \/><\/strong>Este site emprega o Google Analytics, um servi\u00e7o de an\u00e1lise da Web do Google Inc., para analisar o uso do site. As informa\u00e7\u00f5es geradas pelo aplicativo do Google Analytics sobre o uso deste site (incluindo seu endere\u00e7o IP) ser\u00e3o transmitidas e armazenadas num servidor nos EUA. O Google usar\u00e1 essas informa\u00e7\u00f5es apenas para analisar o uso do site, por exemplo, atrav\u00e9s da cria\u00e7\u00e3o de an\u00e1lises e gr\u00e1ficos an\u00f3nimos sobre o n\u00famero de visitas e o n\u00famero de visualiza\u00e7\u00f5es de p\u00e1gina por usu\u00e1rio, etc. Utilizamos a an\u00e1lise para a nossa pr\u00f3pria pesquisa de marketing, optimiza\u00e7\u00e3o de websites e publicidade de remarketing, tanto para n\u00f3s como para os nossos parceiros.\u00a0Poder\u00e1 encontrar mais informa\u00e7\u00f5es sobre as tecnologias implantadas pelo Google em <a href=\"http:\/\/www.google.com\/analytics\" target=\"_blank\" rel=\"noopener\">www.google.com\/analytics<\/a>.<\/p>\t\t\t\t\t\t\t\t<\/div>\n\t\t\t\t<\/div>\n\t\t\t\t\t<\/div>\n\t\t<\/div>\n\t\t\t\t\t<\/div>\n\t\t<\/section>\n\t\t\t\t<\/div>\n\t\t","protected":false},"excerpt":{"rendered":"<p>Este site usa cookies Estes s\u00e3o pequenos arquivos de texto gerados no seu computador para ajudar o site a proporcionar uma melhor experi\u00eancia ao usu\u00e1rio. Os cookies s\u00e3o usados \u200b\u200bpara melhorar a sua experi\u00eancia de navega\u00e7\u00e3o no site, mantendo as prefer\u00eancias do usu\u00e1rio, fornecendo publicidade relevante e fornecendo dados de rastreamento an\u00f3nimos para aplicativos de [&hellip;]<\/p>\n","protected":false},"author":1,"featured_media":0,"parent":1713,"menu_order":900,"comment_status":"closed","ping_status":"closed","template":"","meta":{"_seopress_robots_primary_cat":"","_seopress_titles_title":"Pol\u00edtica de cookies | Empack e Logistics & Automation Porto","_seopress_titles_desc":"Este site usa cookies. Estes s\u00e3o pequenos arquivos de texto gerados no seu computador para ajudar o site...","_seopress_robots_index":"","footnotes":""},"class_list":["post-5138","page","type-page","status-publish","hentry"],"_links":{"self":[{"href":"https:\/\/www.empacklogisticsautomationporto.com\/pt-pt\/wp-json\/wp\/v2\/pages\/5138","targetHints":{"allow":["GET"]}}],"collection":[{"href":"https:\/\/www.empacklogisticsautomationporto.com\/pt-pt\/wp-json\/wp\/v2\/pages"}],"about":[{"href":"https:\/\/www.empacklogisticsautomationporto.com\/pt-pt\/wp-json\/wp\/v2\/types\/page"}],"author":[{"embeddable":true,"href":"https:\/\/www.empacklogisticsautomationporto.com\/pt-pt\/wp-json\/wp\/v2\/users\/1"}],"replies":[{"embeddable":true,"href":"https:\/\/www.empacklogisticsautomationporto.com\/pt-pt\/wp-json\/wp\/v2\/comments?post=5138"}],"version-history":[{"count":5,"href":"https:\/\/www.empacklogisticsautomationporto.com\/pt-pt\/wp-json\/wp\/v2\/pages\/5138\/revisions"}],"predecessor-version":[{"id":175519,"href":"https:\/\/www.empacklogisticsautomationporto.com\/pt-pt\/wp-json\/wp\/v2\/pages\/5138\/revisions\/175519"}],"up":[{"embeddable":true,"href":"https:\/\/www.empacklogisticsautomationporto.com\/pt-pt\/wp-json\/wp\/v2\/pages\/1713"}],"wp:attachment":[{"href":"https:\/\/www.empacklogisticsautomationporto.com\/pt-pt\/wp-json\/wp\/v2\/media?parent=5138"}],"curies":[{"name":"wp","href":"https:\/\/api.w.org\/{rel}","templated":true}]}}